{"id":99,"date":"2024-12-14T19:30:21","date_gmt":"2024-12-15T00:30:21","guid":{"rendered":"https:\/\/petrusipavel.org\/?p=99"},"modified":"2024-12-16T18:06:26","modified_gmt":"2024-12-16T23:06:26","slug":"conseils-sur-le-comportement-dans-la-sainte-eglise","status":"publish","type":"page","link":"https:\/\/petrusipavel.org\/index.php\/fr\/conseils-sur-le-comportement-dans-la-sainte-eglise\/","title":{"rendered":"Conseils sur le comportement dans la Sainte \u00e9glise"},"content":{"rendered":"\n<h3 class=\"wp-block-heading\"><strong>L&#8217;arriv\u00e9e \u00e0 l&#8217;\u00e9glise<\/strong><\/h3>\n\n\n\n<p class=\"has-small-font-size\">Le bon moment pour venir \u00e0 l&#8217;\u00e9glise est en avant le d\u00e9but de la Sainte Messe. Si, pour diverses raisons, nous atteignons l&#8217;\u00e9glise plus tard, c&#8217;est-\u00e0-dire apr\u00e8s le d\u00e9but de la Divine Liturgie, il est conseill\u00e9 d&#8217;entrer tranquillement dans l&#8217;\u00e9glise. S&#8217;il est le temps de sortir avec le Saint \u00c9vangile, de lire l&#8217;Ap\u00f4tre (en lisant au milieu de l&#8217;\u00e9glise), de lire le Saint \u00c9vangile, ou pendent le temps de temps de sortir avec les Saints Sacrements, approchons nous avec pi\u00e9t\u00e9 pour \u00e9couter ou participer aux r\u00e9ponses donn\u00e9es par le choeur.<\/p>\n\n\n\n<h3 class=\"wp-block-heading\"><strong>La participation au Messe<\/strong><\/h3>\n\n\n\n<p class=\"has-small-font-size\">Dans l&#8217;\u00e9glise orthodoxe, la position traditionnelle pour la pri\u00e8re et le culte est debout. Il n&#8217;y a pas de banques dans les \u00e9glises orthodoxes dans les pays \u00e0 majorit\u00e9 orthodoxe (comme la Roumanie). Il y a des chaises le long des murs qui sont r\u00e9serv\u00e9es aux personnes ag\u00e9es et aux personnes malades.<\/p>\n\n\n\n<p class=\"has-small-font-size\">Chaque dimanche, nous c\u00e9l\u00e9brons la r\u00e9surrection du Seigneur, et &#8211; comme \u00e0 la Messe de la R\u00e9surrection le gens ne s&#8217;agenouille pas &#8211; il est \u00e9galement correct de prier debout tous les dimanches. Il est imp\u00e9ratif de se tenir debout pendent le temps de sortir avec le Saint \u00c9vangile, de lire l&#8217;Ap\u00f4tre et l&#8217;\u00c9vangile, le temps de sortir avec les Saints Sacrements, le temps entre la pri\u00e9re Credo jusqu&#8217;\u00e0 la pri\u00e9re Notre P\u00e8re, au moment de la communion des croyants, chaque fois que le pr\u00e9tre b\u00e9nit les croyants et au moment de la b\u00e9n\u00e9diction finale. Il est jamais inappropri\u00e9 ou d\u00e9plac\u00e9 de rester debout dans l&#8217;\u00c9glise.<\/p>\n\n\n\n<h3 class=\"wp-block-heading\"><strong>Ce que nous devons savoir sur les diptyques (liste des noms des \u00c9v\u00e9ques, des martyrs, des bienfaiteurs, dont on fait mention dans la liturgie).<\/strong><\/h3>\n\n\n\n<p class=\"has-small-font-size\">Avant que la Divine Liturgie commence, le pr\u00e9tre fait avec un grand soin un travail sp\u00e9cial, appel\u00e9 Proscomidie. Apr\u00e8s avoir fait la Proscomidie, toute l&#8217;\u00e9glise est presente sur le Diskos (Saint-Disque) comme une ic\u00f4ne de l&#8217;ordre divin restaur\u00e9, o\u00f9 le Christ est au milieu de son \u00c9glise, Sainte Marie \u00e0 droite, les saints \u00e0 gauche et au-dessous toute l&#8217;assembl\u00e9e des croyants, de tous les temps. En amenant le diptyque \u00e0 l&#8217;autel, nous nous apportons et nous nous abandonnons \u00e0 Dieu &#8220;nous-m\u00eames et les uns les autres et toutes nos vies&#8221;. Le pr\u00e8tre sort des miettes de la prosphore (pain sp\u00e9ciale) pour les croyants en disant des pri\u00e8res de comm\u00e9moration pour les vivants et les morts et en continuant par prononcer leurs noms, et en sortant une miette pour chacun. La miette sortie de la prosphore pour chacun le distingue des autres, le rapproche du Christ et entre en communion avec la M\u00e9re de Dieu, les saints et toute l&#8217;\u00c9glise terrestre.<\/p>\n\n\n\n<p class=\"has-small-font-size\">Le pr\u00e8tre demande \u00e0 Dieu de mentionner ceux qui ont apport\u00e9 et ceux pour qu&#8217;ils ont \u00e9t\u00e9 appor\u00e9, c&#8217;est-\u00e0-dire de rassembler toute l&#8217;\u00c9glise autour du Christ. Les comm\u00e9morations nominales sont faites en secret \u00e0 Proscomidie et continuent pendant la Divine Liturgie, \u00e0 l&#8217;ect\u00e9nie sp\u00e9ciale. Afin d&#8217;\u00e9tre pr\u00e9sents avec nous \u00e0 la Divine Liturgie et nos proches, qui ne sont plus parmi nous, et ceux qui pour des raisons b\u00e9nies ne peuvent pas venir \u00e0 l&#8217;\u00c9glise, nous avons le devoir chr\u00e8tien de les comm\u00e9mor\u00e9s.<\/p>\n\n\n\n<h3 class=\"wp-block-heading\"><strong>Ce que nous devons savoir sur les bougies<\/strong><\/h3>\n\n\n\n<p class=\"has-small-font-size\">Comme le signe de la Sainte Croix, la bougie est un signe distinct du chr\u00e9tien, elle repr\u00e9sente le chemin de notre accomplissement et de la pl\u00e9nitude. En allumant une bougie croyant prie \u00e0 Dieu, Le remercier pour Sa grande bont\u00e9 et de Sa protection et donne l&#8217;expression de sa foi en Dieu.<\/p>\n\n\n\n<p class=\"has-small-font-size\">Chaque fois, lorsque le croyant rencontre Dieu, soit dans la pri\u00e8re ou \u00e0 diverses occasions: bapt\u00e9me, mariage, enterrement, il allume des bougies. C&#8217;est pourquoi nous accompagnons nos pri\u00e8res pour les vivants et pour les morts, d&#8217;allumage des bougies dans l&#8217;\u00c9glise, dans nos maisons ou aux tombes de nos proches. Pour ceux qui sont vivants, la bougie est un t\u00e9moignage du fait que l&#8217;homme a choisi la voie de la lumi\u00e9re, pas les t\u00e9n\u00e9bres, a choisi les actes qui sont faits dans la lumi\u00e9re et non dans les t\u00e9n\u00e9bres. Parce que Dieu est la lumi\u00e9re, nous allons \u00e0 Dieu avec la lumi\u00e9re, et il nous r\u00e9compense. Et pour ceux qui sont d\u00e9c\u00e9d\u00e9s, la bougie est le guide de l&#8217;\u00e2me par le chemin de l&#8217;\u00e9ternit\u00e9, dispersant les t\u00e9n\u00e9bres de la mort, et s&#8217;approchant du Christ, qui a dit: &#8220;Je suis la lumi\u00e9re du monde; celui qui me suit ne marchera pas dans les t\u00e9n\u00e9bres, mais il aura la lumi\u00e9re de la vie.&#8221; (Jean 8, 12). Chaque \u00c9glise orthodoxe a un endroit sp\u00e9cial pour l&#8217;allumage des bougies, juste pour nous aider \u00e0 r\u00e9pondre \u00e0 nos besoins spirituels et au bon d\u00e9roulement de notre culte orthodoxe.<\/p>\n\n\n\n<h3 class=\"wp-block-heading\"><strong>L&#8217;allumage des bougies<\/strong><\/h3>\n\n\n\n<p class=\"has-small-font-size\">L&#8217;allumage des bougies est une partie importante du culte orthodoxe. Les bougies s&#8217;allument g\u00e9n\u00e9ralement lorsque nous entrons dans l&#8217;\u00c9glise avant ou apr\u00e8s avoir ador\u00e9 et embrass\u00e9 les ic\u00e9nes. C&#8217;est le meilleur moment pour allumer les bougies. Mais il y a des moments o\u00f9 l&#8217;allumage des bougies est totalement inappropri\u00e9. Il n&#8217;est PAS appropri\u00e9 d&#8217;allumer des cierges pendant la lecture de l&#8217;Ap\u00f4tre et de l&#8217;\u00c9vangile, pendent la sortir avec les Saints Sacrements, le temps entre la pri\u00e8re Credo jusqu&#8217;\u00e0 la pri\u00e8re Notre P\u00e8re, au moment de la communion des croyants, et au moment de l&#8217;hom\u00e9lie (Pr\u00e9dication faite au cours de la messe).<\/p>\n\n\n\n<h3 class=\"wp-block-heading\"><strong>Le culte des ic\u00f4nes<\/strong><\/h3>\n\n\n\n<p class=\"has-small-font-size\">En arrivent et en quittent l&#8217;\u00e9glise, il est conseill\u00e9 d&#8217;adorer les ic\u00f4nes. Pour embrasser des ic\u00f4nes, c&#8217;est une bonne id\u00e9e d&#8217;\u00e9viter d&#8217;embrasser les gens dans les ic\u00f4nes. Il est bon d&#8217;embrasser la main, ou le pied du Sauveur et la M\u00e9re de Dieu, le Saint \u00c9vangile, la Sainte Croix et la main des saints. De cette fa\u00e7on, nous montrons du respect pour les personnes peintes dans les ic\u00f4nes, le m\u00eame respect que nous montrerions si elles \u00e9taient pr\u00e9sentes.<\/p>\n\n\n\n<h3 class=\"wp-block-heading\"><strong>Recevoir la Sainte Communion<\/strong><\/h3>\n\n\n\n<p class=\"has-small-font-size\">Les personnes qui souhaitent recevoir la Sainte Communion doivent \u00eatre orthodoxes, \u00e9tre confess\u00e9es et recevoir la b\u00e9n\u00e9diction du P\u00e8re spirituel pour recevoir la Sainte Communion. Il est \u00e9galement imp\u00e9ratif que vous n&#8217;avez rien mang\u00e9 ou bu apr\u00e8s minuit.<\/p>\n\n\n\n<h3 class=\"wp-block-heading\"><strong>Recommandations g\u00e9n\u00e9rales<\/strong><\/h3>\n\n\n\n<p class=\"has-small-font-size\">En signe de respect pour Dieu, dans la maison o\u00f9 nous sommes, il n&#8217;est pas appropri\u00e9 de m\u00e2cher de la gomme ou de manger dans l&#8217;\u00c9glise.<\/p>\n\n\n\n<p class=\"has-small-font-size\">Il est \u00e9galement conseill\u00e9 aux femmes d&#8217;abandonner le rouge \u00e0 l\u00e9vres pour ne pas d\u00e9shonor\u00e9 les icones saintes, la Sainte-Croix, la cuiller de la communion, le Saint-\u00c9vangile et ainsi de suite.<\/p>\n\n\n\n<p class=\"has-small-font-size\">Il est \u00e9galement recommand\u00e9 que nous ne circulions pas sans raison \u00e0 travers l&#8217;\u00c9glise, ou que nous entrions et sortions souvent pendant la Divine Liturgie. Une exception \u00e0 cela peut \u00eatre faite par des enfants. Quand les enfants perdent leurs patience et deviennent bruyants, il est conseill\u00e9 aux parents de sortir avec eux jusqu&#8217;\u00e0 ce qu&#8217;ils se calme, et ensuite ils peuvent entrer dans l&#8217;\u00c9glise.<\/p>\n\n\n\n<h3 class=\"wp-block-heading\"><strong>Et que Dieu nous vienne en aide!<\/strong><\/h3>\n\n\n\n<p><\/p>\n","protected":false},"excerpt":{"rendered":"<p>L&#8217;arriv\u00e9e \u00e0 l&#8217;\u00e9glise Le bon moment pour venir \u00e0 l&#8217;\u00e9glise est en avant le d\u00e9but de la Sainte Messe. Si, pour diverses raisons, nous atteignons l&#8217;\u00e9glise plus tard, c&#8217;est-\u00e0-dire apr\u00e8s le d\u00e9but de la Divine Liturgie, il est conseill\u00e9 d&#8217;entrer&#8230; <a href=\"https:\/\/petrusipavel.org\/index.php\/fr\/conseils-sur-le-comportement-dans-la-sainte-eglise\/\" class=\"readmore\">Read more<span class=\"screen-reader-text\">Conseils sur le comportement dans la Sainte \u00e9glise<\/span><span class=\"fa fa-angle-double-right\" aria-hidden=\"true\"><\/span><\/a><\/p>\n","protected":false},"author":1,"featured_media":0,"parent":0,"menu_order":0,"comment_status":"closed","ping_status":"open","template":"","meta":{"footnotes":""},"class_list":["post-99","page","type-page","status-publish","hentry"],"_links":{"self":[{"href":"https:\/\/petrusipavel.org\/index.php\/wp-json\/wp\/v2\/pages\/99","targetHints":{"allow":["GET"]}}],"collection":[{"href":"https:\/\/petrusipavel.org\/index.php\/wp-json\/wp\/v2\/pages"}],"about":[{"href":"https:\/\/petrusipavel.org\/index.php\/wp-json\/wp\/v2\/types\/page"}],"author":[{"embeddable":true,"href":"https:\/\/petrusipavel.org\/index.php\/wp-json\/wp\/v2\/users\/1"}],"replies":[{"embeddable":true,"href":"https:\/\/petrusipavel.org\/index.php\/wp-json\/wp\/v2\/comments?post=99"}],"version-history":[{"count":1,"href":"https:\/\/petrusipavel.org\/index.php\/wp-json\/wp\/v2\/pages\/99\/revisions"}],"predecessor-version":[{"id":100,"href":"https:\/\/petrusipavel.org\/index.php\/wp-json\/wp\/v2\/pages\/99\/revisions\/100"}],"wp:attachment":[{"href":"https:\/\/petrusipavel.org\/index.php\/wp-json\/wp\/v2\/media?parent=99"}],"curies":[{"name":"wp","href":"https:\/\/api.w.org\/{rel}","templated":true}]}}