{"id":88,"date":"2024-12-14T18:57:13","date_gmt":"2024-12-14T23:57:13","guid":{"rendered":"https:\/\/petrusipavel.org\/?p=88"},"modified":"2024-12-16T18:06:26","modified_gmt":"2024-12-16T23:06:26","slug":"contact-2","status":"publish","type":"page","link":"https:\/\/petrusipavel.org\/index.php\/fr\/contact-2\/","title":{"rendered":"Contact"},"content":{"rendered":"\n<figure class=\"wp-block-table\"><table><tbody><tr><td><figure class=\"wp-block-image alignrigth size-full is-resized\"><img loading=\"lazy\" decoding=\"async\" width=\"2592\" height=\"1944\" src=\"https:\/\/petrusipavel.org\/wp-content\/uploads\/2024\/12\/Biserica.jpg\" alt=\"\" class=\"wp-image-61\" style=\"width:212px;height:auto\"><\/figure><\/td><td><strong>\u00c9glise Orthodoxe Roumaine &#8220;Saints Ap\u00f4tres Pierre et Paul&#8221;<br>90, Boul. des \u00c9tudiants<br>Qu\u00e9bec, QC, G2A 1N5<br>Tel. 418-915-8595<br>courriel:bisericapetrusipavel@gmail.com<\/strong><\/td><\/tr><tr><td><figure class=\"wp-block-image alignrigth size-full is-resized\"><img loading=\"lazy\" decoding=\"async\" width=\"170\" height=\"240\" src=\"https:\/\/petrusipavel.org\/wp-content\/uploads\/2024\/12\/Parinte_contact.jpg\" alt=\"\" class=\"wp-image-62\" style=\"width:166px;height:auto\"><\/figure><\/td><td><strong>Pr\u00eatre Daniel Postolache<br>Cel. 581-984-0797<br>courriel: danpostolache@hotmail.com<\/strong><\/td><\/tr><tr><td colspan=\"2\"><iframe loading=\"lazy\" width=\"100%\" height=\"600\" frameborder=\"0\" style=\"border:0\" src=\"https:\/\/www.google.com\/maps\/embed\/v1\/place?key=AIzaSyAPlWdiZNDCup5sRGb49zdCYJFgAMdX99Q &amp;q=90+boul. des Etudiants,Quebec+QC\" allowfullscreen=\"\">\n<\/iframe> <\/td><\/tr><\/tbody><\/table><\/figure>\n","protected":false},"excerpt":{"rendered":"<p>\u00c9glise Orthodoxe Roumaine &#8220;Saints Ap\u00f4tres Pierre et Paul&#8221;90, Boul. des \u00c9tudiantsQu\u00e9bec, QC, G2A 1N5Tel. 418-915-8595courriel:bisericapetrusipavel@gmail.com Pr\u00eatre Daniel PostolacheCel. 581-984-0797courriel: danpostolache@hotmail.com<\/p>\n","protected":false},"author":1,"featured_media":0,"parent":0,"menu_order":0,"comment_status":"closed","ping_status":"open","template":"","meta":{"footnotes":""},"class_list":["post-88","page","type-page","status-publish","hentry"],"_links":{"self":[{"href":"https:\/\/petrusipavel.org\/index.php\/wp-json\/wp\/v2\/pages\/88","targetHints":{"allow":["GET"]}}],"collection":[{"href":"https:\/\/petrusipavel.org\/index.php\/wp-json\/wp\/v2\/pages"}],"about":[{"href":"https:\/\/petrusipavel.org\/index.php\/wp-json\/wp\/v2\/types\/page"}],"author":[{"embeddable":true,"href":"https:\/\/petrusipavel.org\/index.php\/wp-json\/wp\/v2\/users\/1"}],"replies":[{"embeddable":true,"href":"https:\/\/petrusipavel.org\/index.php\/wp-json\/wp\/v2\/comments?post=88"}],"version-history":[{"count":1,"href":"https:\/\/petrusipavel.org\/index.php\/wp-json\/wp\/v2\/pages\/88\/revisions"}],"predecessor-version":[{"id":89,"href":"https:\/\/petrusipavel.org\/index.php\/wp-json\/wp\/v2\/pages\/88\/revisions\/89"}],"wp:attachment":[{"href":"https:\/\/petrusipavel.org\/index.php\/wp-json\/wp\/v2\/media?parent=88"}],"curies":[{"name":"wp","href":"https:\/\/api.w.org\/{rel}","templated":true}]}}