{"id":51,"date":"2024-12-14T15:52:55","date_gmt":"2024-12-14T20:52:55","guid":{"rendered":"https:\/\/petrusipavel.org\/?p=51"},"modified":"2026-02-28T18:17:15","modified_gmt":"2026-02-28T23:17:15","slug":"botezuri-cununii-inmormantari","status":"publish","type":"page","link":"https:\/\/petrusipavel.org\/index.php\/botezuri-cununii-inmormantari\/","title":{"rendered":"Botezuri, cununii, \u00eenmorm\u00e2nt\u0103ri"},"content":{"rendered":"\n<p class=\"has-medium-font-size\">Biserica Sfin\u021bii Apostoli Petru \u0219i Pavel ofer\u0103 credincio\u0219ilor servicii religioase legate de principalele evenimente ale vie\u021bii ca Botezul (na\u0219terea), Cununia, Adormirea.<\/p>\n\n\n\n<p class=\"has-medium-font-size\"><strong>Tarife:<\/strong><\/p>\n\n\n\n<ul class=\"wp-block-list\">\n<li class=\"has-small-font-size\">Botezul: 200$;<\/li>\n\n\n\n<li class=\"has-small-font-size\">Sfin\u021birea caselor: 100$<\/li>\n\n\n\n<li class=\"has-small-font-size\">Sfe\u0219tania: 60$<\/li>\n\n\n\n<li class=\"has-small-font-size\">Cununia: 300 $<\/li>\n\n\n\n<li class=\"has-small-font-size\">Expunerea \u00een biseric\u0103: 125$ pe zi<\/li>\n\n\n\n<li class=\"has-small-font-size\">\u00cenmorm\u00e2ntarea: 150$ pret sugerat<\/li>\n<\/ul>\n\n\n\n<p class=\"has-medium-font-size\"><strong>Pomeniri \u0219i parastase<\/strong><\/p>\n\n\n\n<p class=\"has-small-font-size\">Ave\u021bi \u00een familie dintre cei dragi care nu se mai afl\u0103 printre noi? R\u00e2nduiala parastasului (pomenirea celor adormi\u021bi) se poate oficia la cerere, la sf\u00e2r\u0219itul fiecarei Sfintei Liturghii, excep\u021bie f\u0103c\u00e2nd duminica Sfintelor Pa\u0219ti, Rusaliile, Cr\u0103ciunul \u0219i Boboteaza.<\/p>\n\n\n\n<p class=\"has-medium-font-size\"><strong>Botezul<\/strong><\/p>\n\n\n\n<p class=\"has-small-font-size\"><strong>Aceste informa\u021bii v\u0103 vor ajuta s\u0103 preg\u0103ti\u021bi cum se cuvine, conform tradi\u021biei, aceast\u0103 mare \u0219i unic\u0103 Sf\u00e2nt\u0103 Taina.<\/strong><\/p>\n\n\n\n<p><strong>Cele necesare pentru botez:<\/strong><\/p>\n\n\n\n<ul class=\"wp-block-list\">\n<li class=\"has-small-font-size\">certificat de na\u0219tere sau adeverin\u021b\u0103 de na\u0219tere a copilului<\/li>\n\n\n\n<li class=\"has-small-font-size\">un prosop \u0219i un s\u0103pun \u2013 se vor da preotului<\/li>\n\n\n\n<li class=\"has-small-font-size\">o p\u00e2nza alb\u0103 (gen diftina, din care se fac sau se faceau scutecele pentru copii), cu dimensiunile: lungime 1,5 m, l\u0103\u021bime 1 m (dimensiuni orientative)<\/li>\n\n\n\n<li class=\"has-small-font-size\">o sticlu\u021b\u0103 de ulei (de m\u0103sline, de preferin\u021ba)<\/li>\n\n\n\n<li class=\"has-small-font-size\">un alt prosop mare (care va sta pe masa de botez) pentru \u0219tergerea copilului<\/li>\n\n\n\n<li class=\"has-small-font-size\">o p\u0103turic\u0103, tot pentru copil<\/li>\n<\/ul>\n\n\n\n<p><strong>Cele necesare pentru botez pe care le pute\u021bi procura de la Sf\u00e2nta Biseric\u0103:<\/strong><\/p>\n\n\n\n<ul class=\"wp-block-list\">\n<li class=\"has-small-font-size\">lum\u00e2nare (trebuie \u00eempodobit\u0103 \u2013 s\u0103 veni\u021bi sa o lua\u0103i cu 2 s\u0103pt\u0103m\u00e2ni \u00eenainte de data botezului)<\/li>\n\n\n\n<li class=\"has-small-font-size\">m\u0103rturii (sunt mici cruciuli\u021be cu fundi\u021b\u0103 care se pun \u00een piept martorilor participan\u021bii la ceremonia botezului) &#8211; pot fi comandate cu 2 s\u0103pt\u0103m\u00e2ni \u00eenainte de data botezului \u00een func\u021bie de num\u0103rul dorit (\u00eentreba\u021bi preotul)<\/li>\n\n\n\n<li class=\"has-small-font-size\">fa\u0219\u0103 (panglica &#8211; lungime de 1 \u2013 1,5 m)<\/li>\n\n\n\n<li class=\"has-small-font-size\">vin ro\u0219u pentru Sf\u00e2nta \u00cemp\u0103rt\u0103\u0219anie (v\u0103 recomand\u0103m s\u0103 cumpara\u021bi vin Manischewitz de la SAQ &#8211; vin facut numai din boabe \u2013 pe care-l folose\u0219te preotul la s\u0103v\u00e2r\u0219irea Sfintei Liturghii \u0219i la \u00eemp\u0103rt\u0103\u0219irea copiilor \u0219i a credincio\u0219ilor doritori)<\/li>\n\n\n\n<li class=\"has-small-font-size\">un pache\u021bel de t\u0103m\u00e2ie, un plicule\u021b cu c\u0103rbune \u0219i 7 lum\u00e2n\u0103ri mari &#8211; toate acestea vor fi folosite pe parcursul Slujbei Botezului \u2013 vor fi procurate de la biseric\u0103 chiar \u00eenainte de a \u00eencepe Botezul<\/li>\n\n\n\n<li class=\"has-small-font-size\">na\u0219ii sunt \u00eendemna\u021bi s\u0103 d\u0103ruiasc\u0103 pruncului o icoan\u0103 (pot scrie pe spate c\u00e2teva g\u00e2nduri \u0219i numele lor \u2013 din experien\u021b\u0103 \u0219tim c\u0103 aceasta va fi foarte apreciat\u0103 de copil c\u00e2nd va cre\u0219te)<\/li>\n<\/ul>\n\n\n\n<p class=\"has-small-font-size\">Pentru oricare alte l\u0103muriri pute\u021bi s\u0103 suna\u021bi pe Preot la telefon 581-984-0797.<\/p>\n\n\n\n<p><strong>Foarte important de \u0219tiut:<\/strong><\/p>\n\n\n\n<p class=\"has-small-font-size\">Copilul este adus la biserica cu un r\u00e2nd de haine \u2013 chiar dac\u0103 au mai fost purtate \u2013 \u0219i dup\u0103 botez este \u00eembracat cu hainu\u021bele noi cump\u0103rate special pentru acest eveniment. Aceast\u0103 schimbare de haine simbolizeaz\u0103 c\u0103 ne-am lepadat de haina cea veche \u0219i ne-am \u00eembr\u0103cat cu Haina cea Noua a lui Hristos.<br>Imediat dup\u0103 botezarea copilului este aprins\u0103 lum\u00e2narea de botez pe care o \u021bine na\u0219ul, iar copilul este \u00eenf\u0103\u0219at pentru moment cu p\u00e2nza alb\u0103 \u0219i \u00eentr-o p\u0103turic\u0103 sau prosop. Urmeaz\u0103 ungerea cu Sf\u00e2ntul \u0219i Marele Mir, sp\u0103larea \u0219i \u0219tergerea cu fa\u0219a \u00een locurile unde copilul a fost uns. Dup\u0103 \u0219tergerea cu fa\u0219a copilul va fi \u00eembr\u0103cat \u00een hainele noi f\u0103r\u0103 a i se acoperi capul, deoarece urmeaza tunderea p\u0103rului \u00een chipul Sfintei Cruci. Dup\u0103 aceasta, preotul face \u00eenchinarea copilului \u00een fa\u021ba Sf\u00e2ntului Altar, primirea acestuia de c\u0103tre na\u0219i \u0219i \u00cemp\u0103rt\u0103\u0219irea cu Sf\u00e2ntul Trup \u0219i S\u00e2nge al Domnului \u0219i Dumnezeului nostru Iisus Hristos.<\/p>\n\n\n\n<p><strong>Important:<\/strong><\/p>\n\n\n\n<p class=\"has-small-font-size\">Apa folosit\u0103 la prima baie de dup\u0103 botez, cea de acasa, este bine s\u0103 fie aruncat\u0103 l\u00e2ng\u0103 un copac sau pe p\u0103m\u00e2nt \u0219i nu \u00een canal, deoarece acea ap\u0103 va sp\u0103la \u0219i o parte din agheazma de la botez \u0219i o parte din Sf\u00e2ntul \u0219i Marele Mir.<\/p>\n\n\n\n<p><strong>Pentru na\u0219ii copilului:<\/strong><\/p>\n\n\n\n<p class=\"has-small-font-size\">La 8 zile de la botez, na\u0219ii, \u00eempreun\u0103 cu p\u0103rin\u021bii \u0219i copilul vor veni la Sf\u00e2nta Biseric\u0103 pentru a se citi copilului rug\u0103ciunile speciale \u0219i a aduce o parte din lum\u00e2narea de botez \u2013 cealalt\u0103 parte se va p\u0103stra de c\u0103tre parin\u021bii copilului \u0219i se va aprinde la rug\u0103ciune, c\u00e2nd copilul este bolnav sau \u00een pericol.<br>O mare grij\u0103 trebuie purtat\u0103 copilului de c\u0103tre na\u0219i. Este important ca copilul s\u0103 fie \u00eemp\u0103rt\u0103\u0219it \u00een fiecare lun\u0103 sau cel mai t\u00e2rziu la 40 de zile de la botez. N\u0103d\u0103jduim ca dumneavoastr\u0103, ca na\u0219i, ve\u021bi avea grij\u0103 s\u0103 duce\u021bi la \u00eendeplinire aceast\u0103 \u00eendatorire \u0219i ve\u021bi colabora \u00een acest sens cu p\u0103rin\u021bii copilului. La aceast\u0103 lucrare v\u0103 angaja\u021bi \u00een momentul \u00een care dori\u021bi s\u0103 deveni\u021bi na\u0219i. Multe daruri ve\u021bi primi de la Dumnezeu accept\u00e2nd aceast\u0103 sarcina \u0219i v\u0103 va fi de mare ajutor \u00een aceast\u0103 via\u021ba \u0219i \u00een cea viitoare.<\/p>\n\n\n\n<p class=\"has-small-font-size\">Dumnezeu s\u0103 v\u0103 binecuv\u00e2nteze !<\/p>\n\n\n\n<p><strong>Pentru mama copilului:<\/strong><\/p>\n\n\n\n<p class=\"has-small-font-size\">\u00cenainte de a \u00eencepe slujba Sf\u00e2ntului Botez, mamei i se cite\u0219te o rug\u0103ciune numita Rug\u0103ciunea la 40 de zile (necesar: a avea \u00een m\u00e2n\u0103 o lum\u00e2nare aprins\u00e2 &#8211; g\u0103si\u021bi la biseric\u0103). Aceasta \u00eei d\u0103 mamei posibilitatea de a intra \u00een Sf\u00e2nta Biseric\u0103 cu binecuv\u00e2ntarea lui Dumnezeu. Desigur c\u0103 aceast\u0103 rug\u0103ciune poate fi citit\u0103 \u0219i mai devreme, dac\u0103 spre exemplu botezul are loc la mai mult de 40 de zile de la na\u0219tere, sau mai t\u00e2rziu, dar este necesar s\u0103 fie citit\u0103. Amintim c\u0103 potrivit credin\u021bei noastre ortodoxe, mamei, tat\u0103lui (care de obicei aici \u00een Canada particip\u0103 la na\u0219tere), familiei, moa\u0219ei (dup\u0103 posibilit\u0103\u021bi), trebuie s\u0103 le fie citite imediat dup\u0103 na\u0219tere rug\u0103ciunile de dezlegare. Mama trebuie s\u0103 foloseasca Apa Sfin\u021bit\u0103 de Cura\u021bire timp de 40 de zile dup\u0103 \u00eendemnul preotului.<\/p>\n\n\n\n<p><strong>Important:<\/strong><\/p>\n\n\n\n<p class=\"has-small-font-size\">Daca din diverse motive nu au fost f\u0103cute aceste rug\u0103ciuni de dezlegare la momentul potrivit, este foarte important ca totu\u0219i ele s\u0103 se fac\u0103, chiar mai t\u00e2rziu, ar\u0103t\u00e2nd astfel lui Dumnezeu grija \u0219i respectul nostru fa\u021b\u0103 de cele r\u00e2nduite \u0219i folositoare sufletului (chiar dac\u0103 noi consider\u0103m c\u0103 este poate prea t\u00e2rziu).<\/p>\n","protected":false},"excerpt":{"rendered":"<p>Biserica Sfin\u021bii Apostoli Petru \u0219i Pavel ofer\u0103 credincio\u0219ilor servicii religioase legate de principalele evenimente ale vie\u021bii ca Botezul (na\u0219terea), Cununia, Adormirea. Tarife: Pomeniri \u0219i parastase Ave\u021bi \u00een familie dintre cei dragi care nu se mai afl\u0103 printre noi? R\u00e2nduiala parastasului&#8230; <a href=\"https:\/\/petrusipavel.org\/index.php\/botezuri-cununii-inmormantari\/\" class=\"readmore\">Read more<span class=\"screen-reader-text\">Botezuri, cununii, \u00eenmorm\u00e2nt\u0103ri<\/span><span class=\"fa fa-angle-double-right\" aria-hidden=\"true\"><\/span><\/a><\/p>\n","protected":false},"author":1,"featured_media":0,"parent":0,"menu_order":0,"comment_status":"closed","ping_status":"open","template":"","meta":{"footnotes":""},"class_list":["post-51","page","type-page","status-publish","hentry"],"_links":{"self":[{"href":"https:\/\/petrusipavel.org\/index.php\/wp-json\/wp\/v2\/pages\/51","targetHints":{"allow":["GET"]}}],"collection":[{"href":"https:\/\/petrusipavel.org\/index.php\/wp-json\/wp\/v2\/pages"}],"about":[{"href":"https:\/\/petrusipavel.org\/index.php\/wp-json\/wp\/v2\/types\/page"}],"author":[{"embeddable":true,"href":"https:\/\/petrusipavel.org\/index.php\/wp-json\/wp\/v2\/users\/1"}],"replies":[{"embeddable":true,"href":"https:\/\/petrusipavel.org\/index.php\/wp-json\/wp\/v2\/comments?post=51"}],"version-history":[{"count":2,"href":"https:\/\/petrusipavel.org\/index.php\/wp-json\/wp\/v2\/pages\/51\/revisions"}],"predecessor-version":[{"id":474,"href":"https:\/\/petrusipavel.org\/index.php\/wp-json\/wp\/v2\/pages\/51\/revisions\/474"}],"wp:attachment":[{"href":"https:\/\/petrusipavel.org\/index.php\/wp-json\/wp\/v2\/media?parent=51"}],"curies":[{"name":"wp","href":"https:\/\/api.w.org\/{rel}","templated":true}]}}