{"id":42,"date":"2024-12-14T13:38:22","date_gmt":"2024-12-14T18:38:22","guid":{"rendered":"https:\/\/petrusipavel.org\/?p=42"},"modified":"2026-04-30T21:55:13","modified_gmt":"2026-05-01T01:55:13","slug":"programul-lunii-decembrie-2024","status":"publish","type":"page","link":"https:\/\/petrusipavel.org\/index.php\/programul-lunii-decembrie-2024\/","title":{"rendered":"Programul lunii"},"content":{"rendered":"\n<p class=\"has-medium-font-size\">Sf\u00e2nta Liturghie are loc \u00een fiecare duminic\u0103 \u00eencep\u00e2nd cu ora 9:00<\/p>\n\n\n\n<p>S\u0103rb\u0103torile religioase din cursul s\u0103pt\u0103m\u00e2nii se celebreaz\u0103 fie \u00een ziua s\u0103rb\u0103torii, fie \u00een duminica cea mai apropiat\u0103.<\/p>\n\n\n\n<p><strong>Mai 2026<\/strong><\/p>\n\n\n\n<figure class=\"wp-block-table has-small-font-size\"><table><tbody><tr><td> \n        \t<h3>Data<\/h3>        <\/td><td> \n        \t<h3>S\u0103rb\u0103toarea<\/h3>        <\/td><td> \n        \t<h3>Slujba<\/h3>        <\/td><td>\n        \t<h3>Ora<\/h3>        <\/td><td>\n        <h3>Consilierii de serviciu<\/h3>        <\/td><td><h3>Obs.<\/h3><\/td><\/tr><tr><td>Duminic\u0103,    3 mai<\/td><td><strong><mark style=\"background-color:rgba(0, 0, 0, 0)\" class=\"has-inline-color has-vivid-red-color\">Duminica a 4-a dup\u0103 Pa\u015fti<\/mark><\/strong> (Vindecarea sl\u0103b\u0103nogului de la Vitezda). Ap. Fapte 9, 32-42; Ev. Ioan 5, 1-15. Glas 3, voscr. 5. <strong><mark style=\"background-color:rgba(0, 0, 0, 0)\" class=\"has-inline-color has-vivid-red-color\">\u2020) Sf. Cuv. Irodion de la Lainici; Sf. Mc. Timotei \u0219i so\u021bia sa, Mavra<\/mark><\/strong><\/td><td>Sf\u00e2nta    Liturghie<\/td><td>9:00<\/td><td>Alina    Stoicescu<br>\n        Lucia Panoria Nicolau<\/td><td>&nbsp;<\/td><\/tr><tr><td>Duminic\u0103, 10 mai<\/td><td><strong><mark style=\"background-color:rgba(0, 0, 0, 0)\" class=\"has-inline-color has-vivid-red-color\">Duminica a 5-a dup\u0103 Pa\u015fti<\/mark><\/strong> (a Samarinencei)&nbsp; Ap. Fapte 11,19-30; Ev. Ioan 4,5-42. Glas 4, voscr. 7. <strong><mark style=\"background-color:rgba(0, 0, 0, 0)\" class=\"has-inline-color has-vivid-red-color\">Sf. Ap. Simon Zilotul; \u2020) Sf. Cuv. Calistrat de la Timi\u0219eni \u0219i Vasiova<\/mark><\/strong><\/td><td>Sf\u00e2nta    Liturghie<\/td><td>9:00<\/td><td>Mariana    Crisciuc<br>\n        Madi Siriac<\/td><td>&nbsp;<\/td><\/tr><tr><td>Duminic\u0103, 17 mai<\/td><td><strong><mark style=\"background-color:rgba(0, 0, 0, 0)\" class=\"has-inline-color has-vivid-red-color\">Duminica a 6-a dup\u0103 Pa\u0219ti<\/mark><\/strong> (Vindecarea orbului). Ap. Fapte 16, 16-34; al Sfin\u021bilor: Fapte 26, 1, 12-20; Ev. Ioan 9,1-38; a Sfin\u021bilor: Ioan 10, 1-9. Glas 5, voscr. 8. <strong><mark style=\"background-color:rgba(0, 0, 0, 0)\" class=\"has-inline-color has-vivid-red-color\">Sf. Ap. Andronic \u0219i so\u021bia sa, Iunia; Sf. Cuv. Nectarie \u0219i Teofan<\/mark><\/strong><\/td><td>Sf\u00e2nta    Liturghie<\/td><td>9:00<\/td><td>Eleonora    Pop<br>\n        Liliana Farag<\/td><td>&nbsp;<\/td><\/tr><tr><td>Miercuri, 20 mai<\/td><td><strong><mark style=\"background-color:rgba(0, 0, 0, 0)\" class=\"has-inline-color has-vivid-red-color\">(\u2020) \u00cen\u0103l\u021barea Domnului (Ziua Eroilor); \u2020) Sfin\u021bii Mari \u00cemp\u0103ra\u021bi \u0219i \u00eentocmai cu Apostolii, Constantin \u0219i mama sa, Elena<\/mark><\/strong><\/td><td>Acatist<\/td><td>19:00<\/td><td>&nbsp;<\/td><td>&nbsp;<\/td><\/tr><tr><td>Duminic\u0103, 24 mai<\/td><td><strong><mark style=\"background-color:rgba(0, 0, 0, 0)\" class=\"has-inline-color has-vivid-red-color\">Duminica a 7-a dup\u0103 Pa\u015fti<\/mark><\/strong> (a Sf. P\u0103rin\u0163i de la Sinodul I Ecumenic) Ap. Fapte 20,16-18; Ev. Ioan 17,1-13 (Rug\u0103ciunea lui Iisus) Glas 6, voscr. 10. <strong><mark style=\"background-color:rgba(0, 0, 0, 0)\" class=\"has-inline-color has-vivid-red-color\">\u2020 Sf. M\u0103rturisitoare Blandina de la Ia\u0219i; Sf. Cuv. Simeon cel din Muntele Minunat<\/mark><\/strong><\/td><td>Sf\u00e2nta    Liturghie<\/td><td>9:00<\/td><td>Ilie    Radu Mitric<br>\n        Oana Rusu<\/td><td>&nbsp;<\/td><\/tr><tr><td>S\u00e2mb\u0103t\u0103, 30 mai<\/td><td>Sf.    Cuv. Isaachie M\u0103rturisitorul \u0219i Varlaam (S\u00e2mb\u0103ta celor adormi\u021bi \u2013 Mo\u0219ii de    var\u0103)<\/td><td>Pomenirea    Mor\u021bilor<\/td><td>10:00<\/td><td>&nbsp;<\/td><td>S\u00e2mb\u0103ta    mor\u021bilor&nbsp; \u2013 Mo\u0219ii de var\u0103<\/td><\/tr><tr><td>Duminic\u0103, 31 mai<\/td><td><strong><mark style=\"background-color:rgba(0, 0, 0, 0)\" class=\"has-inline-color has-vivid-red-color\">Duminica a 8-a dup\u0103 Pa\u015fti. Rusaliile.<\/mark><\/strong> Toate ale praznicului: Ap. Fapte 2, 1-11; Ev. Ioan 7, 37-53; 8, 12.&nbsp; <strong><mark style=\"background-color:rgba(0, 0, 0, 0)\" class=\"has-inline-color has-vivid-red-color\">(\u2020) Pogor\u00e2rea Sf\u00e2ntului Duh (Cincizecimea)<\/mark><\/strong><\/td><td>Sf\u00e2nta    Liturghie<\/td><td>9:00<\/td><td>Ion-Alin    Toader<\/td><td>&nbsp;<\/td><\/tr><tr><td>Duminic\u0103, 31 mai<\/td><td><strong><mark style=\"background-color:rgba(0, 0, 0, 0)\" class=\"has-inline-color has-vivid-red-color\">(\u2020) Sf\u00e2nta Treime<\/mark><\/strong><\/td><td>Acatist<\/td><td>19:00<\/td><td>&nbsp;<\/td><td>&nbsp;<\/td><\/tr><\/tbody><\/table><\/figure>\n\n\n\n<p><\/p>\n","protected":false},"excerpt":{"rendered":"<p>Sf\u00e2nta Liturghie are loc \u00een fiecare duminic\u0103 \u00eencep\u00e2nd cu ora 9:00 S\u0103rb\u0103torile religioase din cursul s\u0103pt\u0103m\u00e2nii se celebreaz\u0103 fie \u00een ziua s\u0103rb\u0103torii, fie \u00een duminica cea mai apropiat\u0103. Mai 2026 Data S\u0103rb\u0103toarea Slujba Ora Consilierii de serviciu Obs. Duminic\u0103, 3&#8230; <a href=\"https:\/\/petrusipavel.org\/index.php\/programul-lunii-decembrie-2024\/\" class=\"readmore\">Read more<span class=\"screen-reader-text\">Programul lunii<\/span><span class=\"fa fa-angle-double-right\" aria-hidden=\"true\"><\/span><\/a><\/p>\n","protected":false},"author":1,"featured_media":0,"parent":0,"menu_order":0,"comment_status":"closed","ping_status":"open","template":"","meta":{"footnotes":""},"class_list":["post-42","page","type-page","status-publish","hentry"],"_links":{"self":[{"href":"https:\/\/petrusipavel.org\/index.php\/wp-json\/wp\/v2\/pages\/42","targetHints":{"allow":["GET"]}}],"collection":[{"href":"https:\/\/petrusipavel.org\/index.php\/wp-json\/wp\/v2\/pages"}],"about":[{"href":"https:\/\/petrusipavel.org\/index.php\/wp-json\/wp\/v2\/types\/page"}],"author":[{"embeddable":true,"href":"https:\/\/petrusipavel.org\/index.php\/wp-json\/wp\/v2\/users\/1"}],"replies":[{"embeddable":true,"href":"https:\/\/petrusipavel.org\/index.php\/wp-json\/wp\/v2\/comments?post=42"}],"version-history":[{"count":62,"href":"https:\/\/petrusipavel.org\/index.php\/wp-json\/wp\/v2\/pages\/42\/revisions"}],"predecessor-version":[{"id":487,"href":"https:\/\/petrusipavel.org\/index.php\/wp-json\/wp\/v2\/pages\/42\/revisions\/487"}],"wp:attachment":[{"href":"https:\/\/petrusipavel.org\/index.php\/wp-json\/wp\/v2\/media?parent=42"}],"curies":[{"name":"wp","href":"https:\/\/api.w.org\/{rel}","templated":true}]}}