{"id":37,"date":"2024-12-14T13:22:00","date_gmt":"2024-12-14T18:22:00","guid":{"rendered":"https:\/\/petrusipavel.org\/?p=37"},"modified":"2024-12-16T18:06:26","modified_gmt":"2024-12-16T23:06:26","slug":"biserica-romaneasca-din-orasul-quebec-sau-despre-cum-un-vis-a-devenit-realitate","status":"publish","type":"page","link":"https:\/\/petrusipavel.org\/","title":{"rendered":"Biserica rom\u00e2neasc\u0103 din ora\u0219ul Qu\u00e9bec sau despre cum un vis a devenit realitate"},"content":{"rendered":"\n<p class=\"has-medium-font-size\">C\u00e2teva date memorabile din via\u021ba cre\u0219tinilor ortodoc\u0219i de origine rom\u00e2n\u0103 din ora\u0219ul Qu\u00e9bec \u0219i din \u00eemprejurimile lui:<\/p>\n\n\n\n<ul class=\"wp-block-list\">\n<li>18 martie 2001 \u2013 Adunarea constitutiv\u0103 a Misiunii Ortodoxe Rom\u00e2ne din ora\u0219ul Qu\u00e9bec, care va purta numele \u00ab Sfin\u021bii Apostoli Petru \u0219i Pavel \u00bb;<\/li>\n\n\n\n<li>Ianuarie 2002 \u2013 Preotul Adrian Manea devine primul preot al Misiunii;<\/li>\n\n\n\n<li>Noiembrie 2004 \u2013 Preotul Daniel Postolache devine preotul Misiunii, dupa plecarea preotului Adrian;<\/li>\n\n\n\n<li>8 ianuarie 2012 \u2013 Adunarea General\u0103 Extraordinar\u0103 a Misiunii Ortodoxe Rom\u00e2ne aprob\u0103 \u00een unanimitate cump\u0103rarea bisericii St-Paul din Loretteville;<\/li>\n\n\n\n<li>3 februarie 2012 \u2013 Cumpararea bisericii St-Paul din Loretteville de c\u0103tre Misiunea Ortodox\u0103 Rom\u00e2n\u0103 din ora\u0219ul Qu\u00e9bec;<\/li>\n\n\n\n<li>11 aprilie 2012 (Miercurea Mare) \u2013 Prima slujb\u0103 in biserica noastr\u0103;<\/li>\n\n\n\n<li>16 mai 2013 \u2013 Se instaleaz\u0103 catapeteasma;<\/li>\n\n\n\n<li>18 mai 2013 \u2013 Sfintirea bisericii de c\u0103tre \u00cePS Nathanael, PS Irineu \u0219i un sobor de preo\u021bi;<\/li>\n\n\n\n<li>15 noiembrie 2013 &#8211; Prix d&#8217;excellence du Conseil du patrimoine religieux du Qu\u00e9bec : Mention sp\u00e9ciale du jury accord\u00e9e \u00e0 la Mission Orthodoxe Roumaine du Qu\u00e9bec pentru renovarea bisericii St-Paul;<\/li>\n\n\n\n<li>Septembrie 2014 \u2013 Prin hotar\u00e2rea celui de-al 82-lea Consiliu Eparhial al Episcopiei Ortodoxe Rom\u00e2ne din America de Nord, Misiunea Ortodox\u0103 Rom\u00e2n\u0103 \u00ab Sfin\u021bii Apostoli Petru \u0219i Pavel \u00bb din ora\u0219ul Qu\u00e9bec este ridicat\u0103 la statutul de parohie;<\/li>\n\n\n\n<li>Decembrie 2014 \u2013 \u00cemprumutul contractat pentru cumpararea bisericii este pl\u0103tit integral \u0219i \u00eenainte de termen<\/li>\n<\/ul>\n\n\n\n<p>Comunitatea rom\u00e2neasc\u0103 din ora\u0219ul Qu\u00e9bec era pu\u021bin numeroas\u0103 la sf\u00e2r\u0219itul anilor 1990, iar sentimentul de \u00eenstr\u0103inare al membrilor ei era mare \u0219i datorit\u0103 faptului c\u0103 nu aveau o biseric\u0103 \u00een jurul careia s\u0103 se adune, nici un preot care s\u0103-i \u00eendrume.<\/p>\n\n\n\n<p>Nevoia de Biserica a condus pe o parte din membrii comunit\u0103\u021bii \u00een num\u0103r de 32 de adulti, reprezent\u00e2nd 18 familii, s\u0103 se \u00eentruneasc\u0103 \u00een data de 18 martie 2001. Atunci a avut loc Adunarea constitutiv\u0103 a Misiunii Ortodoxe Romane din ora\u0219ul Qu\u00e9bec. La aceast\u0103 adunare a fost prezent P.C. Pr. Protopop Constantin Tofan din partea&nbsp;<a href=\"http:\/\/www.roea.org\/\" target=\"_blank\" rel=\"noreferrer noopener\">Episcopiei Ortodoxe Rom\u00e2ne din America (ROEA)<\/a><\/p>\n\n\n\n<p>Pentru o vreme, Misiunea noastr\u0103 a functionat cu ajutorul bisericii Buna Vestire de la Montr\u00e9al, care ne trimitea din c\u00e2nd \u00een c\u00e2nd unul din cei doi preo\u021bi ai ei pentru a oficia slujba la Qu\u00e9bec. Ca urmare a reducerii num\u0103rului de preo\u021bi, biserica Buna Vestire n-a mai avut posibilitatea s\u0103 ne ofere acest serviciu. Astfel c\u0103, la \u00eenceputul anului 2002, cu sprijinul Episcopiei, am avut bucuria s\u0103 primim primul preot al Misiunii, preotul Adrian Manea. Prea cucernicia sa a ramas cu noi p\u00e2n\u0103 \u00een toamna anului 2004, c\u00e2nd a plecat s\u0103 slujeasc\u0103 \u00eentr-o alt\u0103 parohie, pe alte meleaguri. \u00cen noiembrie 2004, preotul Daniel Postolache a fost numit de c\u0103tre Episcopie preot al Misiunii noastre \u0219i de atunci a r\u0103mas cu noi, la Qu\u00e9bec. De numele prea cucerniciei sale este legat\u0103 dob\u00e2ndirea \u2013 cu ajutorul lui Dumnezeu \u2013 a bisericii noastre.<\/p>\n\n\n\n<figure class=\"wp-block-image\"><a href=\"https:\/\/petrusipavel.org\/sites\/petrusipavel.org\/files\/images\/biserica_interior.jpg\" target=\"_blank\" rel=\"noreferrer noopener\"><img decoding=\"async\" src=\"https:\/\/petrusipavel.org\/sites\/petrusipavel.org\/files\/images\/biserica_interior.thumbnail.jpg\" alt=\"biserica_interior.jpg\" title=\"biserica_interior.jpg\"\/><\/a><\/figure>\n\n\n\n<p>La \u00eenceputurile Misiunii, sfintele slujbe se \u021bineau \u00een diferite capele, iar din 2003 p\u00e2na \u00een aprilie 2012 am profitat de generozitatea fra\u021bilor no\u0219tri \u00eentru Hristos de la biserica Notre-Dame-de-Jacques-Cartier, care ne-au primit cu bra\u021bele deschise \u0219i c\u0103rora le-am pl\u0103tit o chirie mai mult simbolic\u0103. Din anul 2011 \u0219tiam c\u0103 \u0219i ei \u00eent\u00e2mpin\u0103 greut\u0103\u021bi financiare \u0219i c\u0103 biserica \u00een care func\u021bionam va fi \u00eenchis\u0103 cultului mai devreme sau mai t\u00e2rziu.<\/p>\n\n\n\n<p>Rom\u00e2nii din Qu\u00e9bec visau de mult\u0103 vreme s\u0103 aib\u0103 o biseric\u0103 a lor, dar nu sperau c\u0103 visul se va \u00eendeplini. Trec\u00e2nd din casa \u00een casa, preotul Daniel \u00eenso\u021bit de pre\u0219edintele Consiliului Parohial Cristian Robu sau de al\u021bi consilieri, a reu\u0219it s\u0103 str\u00e2ng\u0103 pe to\u021bi credincio\u0219ii \u00een jurul acestui proiect. A urmat o perioad\u0103 febril\u0103: zile \u0219i nop\u021bi de calcule, \u00eendoieli \u0219i speran\u021be, \u0219edin\u021be de Consiliu Parohial interminabile, c\u0103ut\u0103ri de finan\u021bare \u0219i negocieri cu v\u00e2nzatorii, rug\u0103ciuni facute de credincio\u0219i si de c\u0103tre preot. La adunarea general\u0103 din 8 ianuarie se voteaz\u0103 \u00een unanimitate cumpararea bisericii St-Paul, iar \u00een data de 3 februarie 2012, la orele 19, se semneaz\u0103 actele de v\u00e2nzare-cump\u0103rare.<\/p>\n\n\n\n<p>\u201eDorim s\u0103 v\u0103 informam pe acesta cale c\u0103 ast\u0103zi, 3 februarie 2012, la orele 19, s-a semnat contractul de cump\u0103rare a bisericii St-Paul din Loretteville. Misiunea Ortodox\u0103 Rom\u00e2n\u0103 din Qu\u00e9bec a dob\u00e2ndit astfel, cu ajutorul Domnului, un l\u0103ca\u0219 de cult propriu, \u00een care \u00een cur\u00e2nd ne vom \u00eent\u00e2lni la Sf\u00e2nta Liturghie. Dob\u00e2ndirea acestei biserici, pe care o vom repara, \u00eengiji \u0219i \u00eenfrumuse\u021ba cu timpul, este mai mult dec\u00e2t realizarea unui vis : este rezultatul unei mobilizari extraordinare a rom\u00e2nilor din ora\u0219ul nostru \u0219i din \u00eemprejurimi, este o dovad\u0103 c\u0103 nu ne-am uitat r\u0103d\u0103cinile \u0219i c\u0103 suntem de fapt o comunitate unit\u0103 \u0219i puternic\u0103 \u00een credin\u021b\u0103. Putem fi m\u00e2ndri c\u0103 am crezut, am \u00eendr\u0103znit \u0219i am reu\u0219it !\u201d (Din mesajul c\u0103tre comunitatea rom\u00e2n\u0103, 03-02-2012).<\/p>\n\n\n\n<figure class=\"wp-block-image\"><a href=\"https:\/\/petrusipavel.org\/sites\/petrusipavel.org\/files\/images\/biserica_2.jpg\" target=\"_blank\" rel=\"noreferrer noopener\"><img decoding=\"async\" src=\"https:\/\/petrusipavel.org\/sites\/petrusipavel.org\/files\/images\/biserica_2.thumbnail.jpg\" alt=\"Biserica-interior\" title=\"Biserica-interior\"\/><\/a><\/figure>\n\n\n\n<p>Urmeaz\u0103 apoi o perioad\u0103 de eforturi enorme, at\u00e2t \u00een munc\u0103 voluntar\u0103 c\u00e2t \u0219i \u00een dona\u021bii, c\u0103ci biserica necesita numeroase repara\u021bii \u00een momentul cump\u0103r\u0103rii. Lucrarile de repara\u021bii s-au desf\u0103\u0219urat \u00eentr-un ritm extrem de rapid \u0219i mobilizarea comunit\u0103\u021bii a fost exemplar\u0103. Ajutorul a venit de la un num\u0103r impresionant de credincio\u0219i, care au muncit f\u0103r\u0103 s\u0103 socoteasc\u0103 orele \u0219i zilele, au d\u0103ruit din timpul lor \u0219i s-au ostenit cu dragoste pentru aceasta frumoas\u0103 casa a Domnului. Fie c\u0103 a fost vorba de persoane individuale, fie ca a fost vorba de companii care s-au implicat masiv \u00een aceste renov\u0103ri, eforturile comunit\u0103\u021bii rom\u00e2ne din Qu\u00e9bec s-au unit \u0219i rezultatul este minunat! Am reu\u0219it cu ajutorul lui Dumnezeu \u0219i prin d\u0103ruirea oamenilor s\u0103 facem \u00een scurt timp ce al\u021bii n-au norocul s\u0103 fac\u0103 \u00eentr-o viat\u0103 : s\u0103 ctitorim! Biserica St-Paul, construit\u0103 in 1919 \u00een 1919, \u0219i-a reg\u0103sit voca\u021bia ini\u021bial\u0103!<\/p>\n\n\n\n<figure class=\"wp-block-image\"><a href=\"https:\/\/petrusipavel.org\/sites\/petrusipavel.org\/files\/images\/DSCI0113.JPG\" target=\"_blank\" rel=\"noreferrer noopener\"><img decoding=\"async\" src=\"https:\/\/petrusipavel.org\/sites\/petrusipavel.org\/files\/images\/DSCI0113.thumbnail.JPG\" alt=\"Catapeteasma\" title=\"Catapeteasma\"\/><\/a><\/figure>\n\n\n\n<p>Preotul Daniel a slujit prima dat\u0103 \u00een biseric\u0103 \u00een Miercurea Mare din S\u0103pt\u0103m\u00e2na Patimilor a anului 2012, iar Sfintele Pa\u0219te, \u00cenvierea Domnului, le-am petrecut cu bucurie adev\u0103rat\u0103 \u00een biserica noastr\u0103! Credincio\u0219ii s-au unit din nou \u00een jurul unui proiect important pentru biseric\u0103, \u0219i anume realizarea catapetesmei. Aceast\u0103 catapeteasm\u0103 care s-a integrat armonios \u00een bisericu\u021ba noastr\u0103 cu interiorul din lemn, a fost instalat\u0103 pe 16 mai 2013, chiar \u00eenainte de Sfin\u021birea bisericii de c\u0103tre \u00cePS Nathaniel. Cu mare bucurie am tr\u0103it acest eveniment, unic \u00een vie\u021bile celor mai mul\u021bi dintre noi, \u0219i care a avut loc \u00een data de 18 mai 2013!<\/p>\n\n\n\n<p>Toate eforturile depuse de mica noastr\u0103 comunitate au fost recunoscute \u00een data de 15 noiembrie 2013, la Montr\u00e9al, de c\u0103tre \u201eConseil du patrimoine religieux du Qu\u00e9bec\u201d care a acordat Misiunii Ortodoxe Rom\u00e2ne din ora\u0219ul Qu\u00e9bec o men\u021biune special\u0103 : \u00abUne mention sp\u00e9ciale du jury est remise \u00e0 la Mission Orthodoxe Roumaine Saints Ap\u00f4tres Pierre et Paul pour la restauration de l\u2019ancienne \u00e9glise anglicane Saint-Paul de Lorretteville. Le jury salue la mobilisation de la communaut\u00e9 roumaine de Qu\u00e9bec autour du projet permettant de donner une seconde vie au b\u00e2timent afin d\u2019y desservir la Mission orthodoxe roumaine.\u00bb<\/p>\n\n\n\n<figure class=\"wp-block-image\"><a href=\"https:\/\/petrusipavel.org\/sites\/petrusipavel.org\/files\/images\/serbare_5.jpg\" target=\"_blank\" rel=\"noreferrer noopener\"><img decoding=\"async\" src=\"https:\/\/petrusipavel.org\/sites\/petrusipavel.org\/files\/images\/serbare_5.thumbnail.jpg\" alt=\"Serbarea de toamna -5\" title=\"Serbarea de toamna -5\"\/><\/a><\/figure>\n\n\n\n<p>\u00cen subsolul bisericii, renovat \u0219i modernizat, \u00een fiecare duminic\u0103 se str\u00e2ng copiii din comunitate, \u00een cadrul \u0219colii de duminic\u0103. Profesoare inimoase se ocupa de ei, \u00eei \u00eenva\u021b\u0103 limba rom\u00e2n\u0103, tradi\u021biile noastre, le insufl\u0103 dragostea fa\u021b\u0103 de credin\u021ba \u0219i cultura noastr\u0103. Tot \u00een aceast\u0103 sal\u0103 au loc \u0219i \u00eent\u00e2lniri ale membrilor comunit\u0103\u021bii cu ocazia a diferite evenimente, religioase sau laice.<\/p>\n\n\n\n<p>\u00cen fiecare an, pe 29 iunie, c\u00e2nd se serbeaz\u0103 Sfin\u021bii Apostoli Petru \u0219i Pavel, ocrotitorii bisericii noastre, Hramul bisericii deci, credincio\u0219ii se adun\u0103 s\u0103 petreac\u0103 cum se cuvine aceast\u0103 s\u0103rb\u0103toare. A devenit o tradi\u021bie \u0219i picnicul organizat \u00een luna august, prilej de \u00eent\u00e2lnire \u00eentre membrii comunit\u0103\u021bii.<\/p>\n\n\n\n<p>\u00cen luna septembrie a anului 2014, ca urmare a hot\u0103r\u00e2rii Consiliului Eparhial al Episcopiei Ortodoxe Rom\u00e2ne din America de Nord, Misiunea noastr\u0103 devine Parohie : o etapa care se termin\u0103 \u0219i o alta care \u00eencepe \u00een via\u021ba bisericii noastre! \u00cen fine, bucuria noastr\u0103 a fost deplin\u0103, c\u00e2nd, \u00een ultima lun\u0103 a anului 2014 am terminat integral plata \u00eemprumutului f\u0103cut pentru cump\u0103rarea bisericii!<\/p>\n\n\n\n<p>Anii trec repede, astfel c\u0103 \u00een luna februarie 2017 vom s\u0103rb\u0103tori cinci ani de la dob\u00e2ndirea bisericii. \u00centre timp, ca ni\u0219te buni gospodari, ne ocup\u0103m s\u0103 o p\u0103str\u0103m \u00een bun\u0103 stare, s\u0103 facem repara\u021biile necesare, s\u0103 o \u00eenfrumuse\u021b\u0103m.<\/p>\n\n\n\n<p>Suntem mai ales bucuro\u0219i c\u0103 putem s\u0103 \u00eei primim pe fra\u021bii no\u0219tri \u00eentru ortodoxie care n-au \u00eenc\u0103 un loca\u0219 propriu de cult la noi \u00een biseric\u0103, iar Sf\u00e2nta Liturghie se s\u0103v\u00e2r\u0219e\u0219te de c\u0103tre mai mul\u021bi preo\u021bi, \u00een mai multe limbi! Sim\u021bim atunci c\u0103 cel mai important este s\u0103 \u00eemp\u0103r\u021bim darul primit cu c\u00e2t mai mul\u021bi credincio\u0219i!<\/p>\n\n\n\n<p>Mul\u021bumim lui Dumnezeu pentru tot ajutorul f\u0103r\u0103 de care nimic nu ar fi fost posibil, f\u0103r\u0103 de care acest vis al nostru nu ar fi putut s\u0103 se \u00eemplineasc\u0103!<\/p>\n\n\n\n<p>Aceste r\u00e2nduri au fost scrise la cererea Consiliului Parohial al Bisericii \u00ab Sfin\u021bii Apostoli Petru \u0219i Pavel \u00bb din ora\u0219ul Qu\u00e9bec de c\u0103tre Gabriela Pesc\u0103ru\u0219<\/p>\n","protected":false},"excerpt":{"rendered":"<p>C\u00e2teva date memorabile din via\u021ba cre\u0219tinilor ortodoc\u0219i de origine rom\u00e2n\u0103 din ora\u0219ul Qu\u00e9bec \u0219i din \u00eemprejurimile lui: Comunitatea rom\u00e2neasc\u0103 din ora\u0219ul Qu\u00e9bec era pu\u021bin numeroas\u0103 la sf\u00e2r\u0219itul anilor 1990, iar sentimentul de \u00eenstr\u0103inare al membrilor ei era mare \u0219i datorit\u0103&#8230; <a href=\"https:\/\/petrusipavel.org\/\" class=\"readmore\">Read more<span class=\"screen-reader-text\">Biserica rom\u00e2neasc\u0103 din ora\u0219ul Qu\u00e9bec sau despre cum un vis a devenit realitate<\/span><span class=\"fa fa-angle-double-right\" aria-hidden=\"true\"><\/span><\/a><\/p>\n","protected":false},"author":1,"featured_media":0,"parent":0,"menu_order":0,"comment_status":"closed","ping_status":"open","template":"","meta":{"footnotes":""},"class_list":["post-37","page","type-page","status-publish","hentry"],"_links":{"self":[{"href":"https:\/\/petrusipavel.org\/index.php\/wp-json\/wp\/v2\/pages\/37","targetHints":{"allow":["GET"]}}],"collection":[{"href":"https:\/\/petrusipavel.org\/index.php\/wp-json\/wp\/v2\/pages"}],"about":[{"href":"https:\/\/petrusipavel.org\/index.php\/wp-json\/wp\/v2\/types\/page"}],"author":[{"embeddable":true,"href":"https:\/\/petrusipavel.org\/index.php\/wp-json\/wp\/v2\/users\/1"}],"replies":[{"embeddable":true,"href":"https:\/\/petrusipavel.org\/index.php\/wp-json\/wp\/v2\/comments?post=37"}],"version-history":[{"count":3,"href":"https:\/\/petrusipavel.org\/index.php\/wp-json\/wp\/v2\/pages\/37\/revisions"}],"predecessor-version":[{"id":50,"href":"https:\/\/petrusipavel.org\/index.php\/wp-json\/wp\/v2\/pages\/37\/revisions\/50"}],"wp:attachment":[{"href":"https:\/\/petrusipavel.org\/index.php\/wp-json\/wp\/v2\/media?parent=37"}],"curies":[{"name":"wp","href":"https:\/\/api.w.org\/{rel}","templated":true}]}}