{"id":130,"date":"2024-12-16T16:28:11","date_gmt":"2024-12-16T21:28:11","guid":{"rendered":"https:\/\/petrusipavel.org\/?p=130"},"modified":"2025-09-01T08:42:32","modified_gmt":"2025-09-01T12:42:32","slug":"scoala-de-duminica","status":"publish","type":"page","link":"https:\/\/petrusipavel.org\/index.php\/scoala-de-duminica\/","title":{"rendered":"Anun\u021buri"},"content":{"rendered":"\n<p class=\"has-medium-font-size\"><strong>Invita\u021bie la pick-nick organizat de biserica noastr\u0103 \u00een data de 6 septembrie 2025, la orele 11:00, la Base de Plein Air de Ste-Foy<\/strong><\/p>\n\n\n\n<p>V\u0103 invit\u0103m s\u0103 participa\u021bi la pick-nick-ul organizat ca \u0219i \u00een al\u021bi ani la Base de Plein Air de Ste-Foy, s\u00e2mb\u0103t\u0103 5 iulie 2025, la Preau (numarul 10 pe hart\u0103) care va \u00eencepe la orele 11:00.<br><\/p>\n\n\n\n<figure class=\"wp-block-image size-full\"><img loading=\"lazy\" decoding=\"async\" width=\"1024\" height=\"680\" src=\"https:\/\/petrusipavel.org\/wp-content\/uploads\/2025\/04\/Base-plein-air-Ste-Foy.jpg\" alt=\"\" class=\"wp-image-285\"\/><\/figure>\n\n\n\n<p>Ca \u0219i \u00een anii trecu\u021bi, aceast\u0103 \u00eent\u00e2lnire are ca scop str\u00e2ngerea de fonduri pentru biseric\u0103. De notat c\u0103 toate preg\u0103tirile se fac prin munc\u0103 benevol\u0103.<\/p>\n\n\n\n<p>Ve\u021bi fi a\u0219tepta\u021bi cu mici, bere, muzic\u0103 \u0219i voie bun\u0103!<\/p>\n\n\n\n<p>Ave\u021bi aici link-ul \u0219i harta cu locul de desf\u0103\u0219urare al activit\u0103\u021bii.&nbsp;<a href=\"https:\/\/www.google.ca\/maps\/place\/Base+de+plein+air+de+Sainte-Foy\/@46.78772,-71.332946,13z\/data=!4m5!3m4!1s0x0:0x733c5a4f72e9d9e2!8m2!3d46.786848!4d-71.334104\" target=\"_blank\" rel=\"noreferrer noopener\">Base Plein Air -Google Map<\/a><\/p>\n\n\n\n<figure class=\"wp-block-image size-full\"><img loading=\"lazy\" decoding=\"async\" width=\"800\" height=\"621\" src=\"https:\/\/petrusipavel.org\/wp-content\/uploads\/2025\/04\/Harta-Base-de-Plein-Air800X600.jpg\" alt=\"\" class=\"wp-image-287\"\/><\/figure>\n\n\n\n<p>N\u0103d\u0103jduim ca \u00een aceast\u0103 zi s\u0103 ne \u00eent\u00e2lnim cu to\u021bii pentru a face sau a reface leg\u0103turile dintre noi, \u00een scopul de a ne cunoa\u0219te mai bine \u0219i, nu \u00een ultimul r\u00e2nd, pentru a petrece c\u00e2teva ore pl\u0103cute \u00eempreun\u0103, \u00een spiritul tradi\u021biilor noastre.<\/p>\n\n\n\n<p>Comitetul doamnelor \u0219i Consiliul Parohial<\/p>\n","protected":false},"excerpt":{"rendered":"<p>Invita\u021bie la pick-nick organizat de biserica noastr\u0103 \u00een data de 6 septembrie 2025, la orele 11:00, la Base de Plein Air de Ste-Foy V\u0103 invit\u0103m s\u0103 participa\u021bi la pick-nick-ul organizat ca \u0219i \u00een al\u021bi ani la Base de Plein Air&#8230; <a href=\"https:\/\/petrusipavel.org\/index.php\/scoala-de-duminica\/\" class=\"readmore\">Read more<span class=\"screen-reader-text\">Anun\u021buri<\/span><span class=\"fa fa-angle-double-right\" aria-hidden=\"true\"><\/span><\/a><\/p>\n","protected":false},"author":1,"featured_media":0,"parent":0,"menu_order":0,"comment_status":"closed","ping_status":"open","template":"","meta":{"footnotes":""},"class_list":["post-130","page","type-page","status-publish","hentry"],"_links":{"self":[{"href":"https:\/\/petrusipavel.org\/index.php\/wp-json\/wp\/v2\/pages\/130","targetHints":{"allow":["GET"]}}],"collection":[{"href":"https:\/\/petrusipavel.org\/index.php\/wp-json\/wp\/v2\/pages"}],"about":[{"href":"https:\/\/petrusipavel.org\/index.php\/wp-json\/wp\/v2\/types\/page"}],"author":[{"embeddable":true,"href":"https:\/\/petrusipavel.org\/index.php\/wp-json\/wp\/v2\/users\/1"}],"replies":[{"embeddable":true,"href":"https:\/\/petrusipavel.org\/index.php\/wp-json\/wp\/v2\/comments?post=130"}],"version-history":[{"count":6,"href":"https:\/\/petrusipavel.org\/index.php\/wp-json\/wp\/v2\/pages\/130\/revisions"}],"predecessor-version":[{"id":415,"href":"https:\/\/petrusipavel.org\/index.php\/wp-json\/wp\/v2\/pages\/130\/revisions\/415"}],"wp:attachment":[{"href":"https:\/\/petrusipavel.org\/index.php\/wp-json\/wp\/v2\/media?parent=130"}],"curies":[{"name":"wp","href":"https:\/\/api.w.org\/{rel}","templated":true}]}}