{"id":106,"date":"2024-12-14T19:47:21","date_gmt":"2024-12-15T00:47:21","guid":{"rendered":"https:\/\/petrusipavel.org\/?p=106"},"modified":"2024-12-16T18:06:26","modified_gmt":"2024-12-16T23:06:26","slug":"leglise-roumaine-au-quebec-ou-comment-un-reve-est-devenu-realite","status":"publish","type":"page","link":"https:\/\/petrusipavel.org\/index.php\/fr\/leglise-roumaine-au-quebec-ou-comment-un-reve-est-devenu-realite\/","title":{"rendered":"L&#8217;\u00c9glise roumaine au Qu\u00e9bec ou comment un r\u00eave est devenu r\u00e9alit\u00e9"},"content":{"rendered":"\n<p class=\"has-medium-font-size\"><strong>Quelques informations m\u00e9morables sur la vie des chr\u00e9tiens orthodoxes d&#8217;origine roumaine dans la ville de Qu\u00e9bec et ses environs:<\/strong><\/p>\n\n\n\n<ul class=\"wp-block-list\">\n<li class=\"has-small-font-size\">Le 18 mars 2001 &#8211; La r\u00e9union constitutive de la Mission Orthodoxe Roumaine de la ville de Qu\u00e9bec, qui sera appel\u00e9 \u00ab Saints Ap\u00f4tres Pierre et Paul \u00bb;<\/li>\n\n\n\n<li class=\"has-small-font-size\">Janvier 2002 &#8211; P\u00e8re Adrian Manea devient le premier pr\u00eatre de la Mission<\/li>\n\n\n\n<li class=\"has-small-font-size\">Novembre 2004 &#8211; Le pr\u00eatre Daniel Postolache devient le pr\u00eatre de la Mission, apr\u00e8s le d\u00e9part du pr\u00eatre Adrien<\/li>\n\n\n\n<li class=\"has-small-font-size\">Le 8 janvier 2012 &#8211; Assembl\u00e9e G\u00e9n\u00e9rale Extraordinaire de la Mission orthodoxe roumaine a unanimement approuv\u00e9 l&#8217;achat de St-Paul Loretteville;<\/li>\n\n\n\n<li class=\"has-small-font-size\">Le 3 f\u00e9vrier 2012 &#8211; Achat de St-Paul Loretteville par la Mission orthodoxe roumaine dans la ville de Qu\u00e9bec;<\/li>\n\n\n\n<li class=\"has-small-font-size\">Le 11 avril 2012 (Mercredi Saint) &#8211; Premier service dans notre \u00e9glise;<\/li>\n\n\n\n<li class=\"has-small-font-size\">Le 16 mai 2013 &#8211; L&#8217;installation du iconostase<\/li>\n\n\n\n<li class=\"has-small-font-size\">Le 18 mai 2013 &#8211; La b\u00e9n\u00e9diction de l&#8217;\u00c9glise de Sa Saintet\u00e9 Nathanael, Sa Saintet\u00e9 Irineu et un groupe de pr\u00eatres;<\/li>\n\n\n\n<li class=\"has-small-font-size\">Le 15 novembre 2013 &#8211; Prix d&#8217;excellence du Conseil du patrimoine religieux du Qu\u00e9bec: Mention sp\u00e9ciale du jury ACCORD\u00c9E \u00e0 la Mission Orthodoxe Roumaine du Qu\u00e9bec pour la r\u00e9novation de l&#8217;\u00c9glise St Paul de Qu\u00e9bec;<\/li>\n\n\n\n<li class=\"has-small-font-size\">Septembre 2014 &#8211; Par la d\u00e9cision du 82i\u00e8 Conseil archidioc\u00e9sain de l&#8217;Episcopat Orthodoxe Roumaine d&#8217;Am\u00e9rique du Nord, Mission Orthodoxe Roumaine \u00ab Saints Ap\u00f4tres Pierre et Paul \u00bb de la ville de Qu\u00e9bec est \u00e9lev\u00e9 au statut de paroisse;<\/li>\n\n\n\n<li class=\"has-small-font-size\">D\u00e9cembre 2014 &#8211; Le pr\u00eat contract\u00e9 pour acheter l&#8217;\u00e9glise est pay\u00e9e avant la date limite.<\/li>\n<\/ul>\n\n\n\n<p class=\"has-small-font-size\"><\/p>\n\n\n\n<p class=\"has-small-font-size\">La communaut\u00e9 roumaine dans la ville de Qu\u00e9bec a \u00e9t\u00e9 moins nombreux dans les ann\u00e9es 1990, et le sentiment d&#8217;ali\u00e9nation de ses membres \u00e9tait grande et parce qu&#8217;ils n\u2019avaient pas une \u00e9glise pour un rassemblement, ni pr\u00eatre pour les conduire.<\/p>\n\n\n\n<p class=\"has-small-font-size\">La n\u00e9cessit\u00e9 d&#8217;une \u00e9glise a conduit certains membres de la communaut\u00e9, 32 adultes, ce qui repr\u00e9sente 18 familles \u00e0 se r\u00e9unir le 18 Mars 2001. \u00c0 cette date a eu lieu l\u2019Assembl\u00e9e constituante de la Mission Orthodoxe Roumaine de la ville de Qu\u00e9bec. Lors de cette r\u00e9union a \u00e9t\u00e9 pr\u00e9sent Pr. Constantin Tofan de <a href=\"http:\/\/roea.org\" data-type=\"link\" data-id=\"roea.org\">l&#8217;\u00c9piscopat Orthodoxe Roumaine d&#8217;Am\u00e9rique (ROEA)<\/a><\/p>\n\n\n\n<p class=\"has-small-font-size\">Pendant un certain temps, notre mission a fonctionn\u00e9 avec l\u2019aide de l&#8217;\u00e9glise de l&#8217;Annonciation de Montr\u00e9al qui nous a envoy\u00e9 de temps en temps l\u2019un des deux pr\u00eatres pour officier la messe \u00e0 Qu\u00e9bec. Suite \u00e0 la r\u00e9duction du nombre de pr\u00eatres, l&#8217;Eglise de l&#8217;Annonciation n&#8217;a pas \u00e9t\u00e9 en mesure de fournir ce service. Ainsi, au d\u00e9but du 2002, avec le soutien de l&#8217;\u00e9piscopat, nous avons \u00e9t\u00e9 heureux de recevoir le premier pr\u00eatre de la Mission, le pr\u00eatre Adrian Manea. Il est rest\u00e9 avec nous jusqu&#8217;\u00e0 l&#8217;automne 2004 quand il est all\u00e9 servir dans une autre paroisse sur d&#8217;autres terres. En novembre 2004, le pr\u00eatre Daniel Postolache a \u00e9t\u00e9 nomm\u00e9 par l&#8217;\u00c9piscopat pr\u00eatre de notre mission et est demeur\u00e9 avec nous au Qu\u00e9bec. De son nom est li\u00e9 l&#8217;acquisition &#8211; avec l&#8217;aide de Dieu &#8211; de notre \u00e9glise.<\/p>\n\n\n\n<p class=\"has-small-font-size\">Au d\u00e9but de la Mission, les services divins ont eu lieu dans diverses chapelles, et de l\u2019ann\u00e9e 2003 jusqu\u2019au Avril 2012 ont a profit\u00e9 de la g\u00e9n\u00e9rosit\u00e9 de nos fr\u00e8res en Christ de l&#8217;\u00e9glise de Notre-Dame-de-Jacques-Cartier, qui nous a accueillis \u00e0 bras ouverts et que nous avons leurs pay\u00e9 un loyer symbolique. Depuis 2011, nous savions qu&#8217;ils avaient aussi des difficult\u00e9s financi\u00e8res et que l&#8217;\u00e9glise dans laquelle nous op\u00e9rions serait ferm\u00e9e au culte plus t\u00f4t ou plus tard.<\/p>\n\n\n\n<p class=\"has-small-font-size\">Les Roumains du Qu\u00e9bec r\u00eavaient depuis longtemps d&#8217;avoir leur propre \u00e9glise, mais ils n&#8217;esp\u00e9raient pas que le r\u00eave serait r\u00e9alis\u00e9. En passant de maison en maison, le pr\u00eatre Daniel, accompagn\u00e9 du pr\u00e9sident du conseil paroissial Cristian Robu ou d&#8217;autres conseillers, a r\u00e9ussi \u00e0 rassembler tous les croyants autour de ce projet. Il y avait une p\u00e9riode fi\u00e9vreuse: jours et nuits calculs, les doutes et les espoirs, les r\u00e9unions du Conseil paroissial, de recherche sans fin pour le financement et les n\u00e9gociations avec les fournisseurs, les pri\u00e8res faites par les fid\u00e8les et par le pr\u00eatre. Lors de l&#8217;Assembl\u00e9e G\u00e9n\u00e9rale du 8 Janvier on vote \u00e0 l&#8217;unanimit\u00e9 l&#8217;achat de St-Paul, et le 3 F\u00e9vrier 2012, \u00e0 19 heures, on signe les documents de vente.<\/p>\n\n\n\n<p class=\"has-small-font-size\">\u00ab Nous aimerions vous informer qu&#8217;aujourd&#8217;hui, le 3 f\u00e9vrier 2012, \u00e0 19h00, le contrat d&#8217;achat de l&#8217;\u00e9glise St-Paul \u00e0 Loretteville a \u00e9t\u00e9 sign\u00e9. La mission orthodoxe roumaine au Qu\u00e9bec a ainsi acquis, avec l&#8217;aide du Seigneur, un lieu de culte de soi, dans lequel nous nous rencontrerons bient\u00f4t \u00e0 la Divine Liturgie. L&#8217;acquisition de cette \u00e9glise, nous allons r\u00e9parer et embellir avec le temps est plus que la r\u00e9alisation d&#8217;un r\u00eave: elle est le r\u00e9sultat d&#8217;une mobilisation extraordinaire des Roumains dans notre ville et ses environs, est la preuve que nous n&#8217;avons pas oubli\u00e9 les racines et nous sommes en fait une communaut\u00e9 unie et forte dans la foi. Nous pouvons \u00eatre fiers d&#8217;avoir cru, os\u00e9 et r\u00e9ussi!\u00bb (Du message \u00e0 la communaut\u00e9 roumaine, 03-02-2012).<\/p>\n\n\n\n<p class=\"has-small-font-size\">Puis il y a une p\u00e9riode d&#8217;efforts \u00e9normes, \u00e0 la fois dans le travail b\u00e9n\u00e9vole et dans les dons, car l&#8217;\u00e9glise n\u00e9cessitait de nombreuses r\u00e9parations au moment de l&#8217;achat. Les travaux de r\u00e9paration ont \u00e9t\u00e9 effectu\u00e9s \u00e0 un rythme extr\u00eamement rapide et la mobilisation communautaire a \u00e9t\u00e9 exemplaire. L&#8217;aide provenait d&#8217;un nombre impressionnant de croyants, qui travaillaient sans compter les heures et les jours, donnaient leur temps et travaillaient dur avec l\u2019amour pour cette belle maison du Seigneur. Que ce soit des particuliers ou des entreprises qui ont \u00e9t\u00e9 massivement impliqu\u00e9s dans ces r\u00e9novations, les efforts de la communaut\u00e9 roumaine au Qu\u00e9bec se sont unis et le r\u00e9sultat est merveilleux! Nous avons r\u00e9ussi, avec l&#8217;aide de Dieu et avec la dedication des gens de faire \u00e0 court terme, que les autres n&#8217;ont pas eu la chance de faire dans une vie: de fonder une \u00e9glise! L&#8217;\u00e9glise Saint-Paul, construite en 1919, a retrouv\u00e9 sa vocation initiale!<\/p>\n\n\n\n<p class=\"has-small-font-size\">Le P\u00e8re Daniel a servi pour la premi\u00e8re fois dans l&#8217;\u00e9glise le Mercredi sainte lors de la Semaine Sainte de 2012, et les saintes P\u00e2ques, la R\u00e9surrection du Seigneur, nous les avons pass\u00e9 avec une r\u00e9elle joie dans notre \u00e9glise! Les croyants se sont r\u00e9unis \u00e0 nouveau autour d&#8217;un important projet pour l&#8217;\u00e9glise, c\u2019etait la r\u00e9alisation de l\u2019iconostase. Cette iconostase harmonieusement int\u00e9gr\u00e9e dans notre \u00e9glise avec l&#8217;int\u00e9rieur en bois a \u00e9t\u00e9 install\u00e9e le 16 mai 2013, juste avant la sanctification de l&#8217;\u00e9glise par Son Eminence Nathaniel. C&#8217;est avec une grande joie que nous avons v\u00e9cu cet \u00e9v\u00e9nement, unique dans la vie de la plupart d&#8217;entre nous, qui a eu lieu le 18 mai 2013!<\/p>\n\n\n\n<p class=\"has-small-font-size\">Tous les efforts de notre petite communaut\u00e9 ont \u00e9t\u00e9 reconnus \u00e0 Montr\u00e9al le 15 novembre 2013 par le \u00abConseil du patrimoine religieux du Qu\u00e9bec\u00bb qui a accord\u00e9 \u00e0 la Mission orthodoxe roumaine de Qu\u00e9bec une mention sp\u00e9ciale: \u00abUne mention sp\u00e9ciale du jury est remise \u00e0 la Mission Orthodoxe Roumaine Saints Ap\u00f4tres Pierre et Paul pour la restauration de l\u2019ancienne \u00e9glise anglicane Saint-Paul de Lorretteville. Le jury salue la mobilisation de la communaut\u00e9 roumaine de Qu\u00e9bec autour du projet permettant de donner une seconde vie au b\u00e2timent afin d\u2019y desservir la Mission orthodoxe roumaine.\u00bb<\/p>\n\n\n\n<p class=\"has-small-font-size\">Au sous-sol de l&#8217;\u00e9glise, r\u00e9nov\u00e9 et modernis\u00e9, tous les dimanches les enfants de la communaut\u00e9 se retrouvent \u00e0 l&#8217;\u00e9cole du dimanche. Les professeurs prennent bien soin d&#8217;eux, enseignent leur langue roumaine, nos traditions, inspirent leur amour pour notre foi et notre culture. Toujours dans cette salle s\u2019organisent des r\u00e9unions entre les membres de la communaut\u00e9 \u00e0 l&#8217;occasion de diff\u00e9rents \u00e9v\u00e9nements, religieux ou la\u00efques.<\/p>\n\n\n\n<p class=\"has-small-font-size\">Au sous-sol de l&#8217;\u00e9glise, r\u00e9nov\u00e9 et modernis\u00e9, tous les dimanches les enfants de la communaut\u00e9 se retrouvent \u00e0 l&#8217;\u00e9cole du dimanche. Les professeurs prennent bien soin d&#8217;eux, enseignent leur langue roumaine, nos traditions, inspirent leur amour pour notre foi et notre culture. Toujours dans cette salle s\u2019organisent des r\u00e9unions entre les membres de la communaut\u00e9 \u00e0 l&#8217;occasion de diff\u00e9rents \u00e9v\u00e9nements, religieux ou la\u00efques.<\/p>\n\n\n\n<p class=\"has-small-font-size\">Dans le mois du septembre 2014, \u00e0 la suite de la d\u00e9cision du Conseil \u00e9parchial de l&#8217;\u00c9piscopat orthodoxe roumain d&#8217;Am\u00e9rique du Nord, notre mission devient une paroisse: une \u00e9tape qui se termine et une autre qui commence dans la vie de notre \u00e9glise! Enfin, notre joie \u00e9tait compl\u00e8te lorsque, au dernier mois de l&#8217;ann\u00e9e 2014, nous avons enti\u00e8rement compl\u00e9t\u00e9 le paiement du pr\u00eat consenti pour l&#8217;achat de l&#8217;\u00e9glise!<\/p>\n\n\n\n<p class=\"has-small-font-size\">Les ann\u00e9es passent vite, de sorte qu&#8217;en f\u00e9vrier 2017 nous c\u00e9l\u00e9brerons cinq ans \u00e0 partir de l&#8217;acquisition de l&#8217;\u00e9glise. En attendant, comme de bons m\u00e9nagers, nous travaillons pour la maintenir en bon \u00e9tat, pour faire les r\u00e9parations n\u00e9cessaires, pour l&#8217;embellir.<\/p>\n\n\n\n<p class=\"has-small-font-size\">Nous sommes particuli\u00e8rement heureux que nous puissions recevoir nos fr\u00e8res dans l&#8217;Orthodoxie, qui n&#8217;ont pas encore de lieu de culte dans notre \u00e9glise, et la Messe est faite par plusieurs pr\u00eatres en plusieurs langues! Nous sentons alors que le plus important est de partager le don re\u00e7u avec autant de croyants que possible!<\/p>\n\n\n\n<p class=\"has-small-font-size\">Nous remercions le Bon Dieu pour toute l&#8217;aide sans laquelle rien n&#8217;aurait \u00e9t\u00e9 possible, sans lequel ce r\u00eave de nous n&#8217;aurait pu \u00eatre r\u00e9alis\u00e9!<\/p>\n\n\n\n<p class=\"has-small-font-size\">Ces lignes ont \u00e9t\u00e9 \u00e9crites \u00e0 la demande du Conseil paroissial de l&#8217;\u00c9glise \u00ab Saints Ap\u00f4tres Pierre et Paul\u00bb de la ville de Qu\u00e9bec par Gabriela Pesc\u0103ru\u015f<\/p>\n","protected":false},"excerpt":{"rendered":"<p>Quelques informations m\u00e9morables sur la vie des chr\u00e9tiens orthodoxes d&#8217;origine roumaine dans la ville de Qu\u00e9bec et ses environs: La communaut\u00e9 roumaine dans la ville de Qu\u00e9bec a \u00e9t\u00e9 moins nombreux dans les ann\u00e9es 1990, et le sentiment d&#8217;ali\u00e9nation de&#8230; <a href=\"https:\/\/petrusipavel.org\/index.php\/fr\/leglise-roumaine-au-quebec-ou-comment-un-reve-est-devenu-realite\/\" class=\"readmore\">Read more<span class=\"screen-reader-text\">L&#8217;\u00c9glise roumaine au Qu\u00e9bec ou comment un r\u00eave est devenu r\u00e9alit\u00e9<\/span><span class=\"fa fa-angle-double-right\" aria-hidden=\"true\"><\/span><\/a><\/p>\n","protected":false},"author":1,"featured_media":0,"parent":0,"menu_order":0,"comment_status":"closed","ping_status":"open","template":"","meta":{"footnotes":""},"class_list":["post-106","page","type-page","status-publish","hentry"],"_links":{"self":[{"href":"https:\/\/petrusipavel.org\/index.php\/wp-json\/wp\/v2\/pages\/106","targetHints":{"allow":["GET"]}}],"collection":[{"href":"https:\/\/petrusipavel.org\/index.php\/wp-json\/wp\/v2\/pages"}],"about":[{"href":"https:\/\/petrusipavel.org\/index.php\/wp-json\/wp\/v2\/types\/page"}],"author":[{"embeddable":true,"href":"https:\/\/petrusipavel.org\/index.php\/wp-json\/wp\/v2\/users\/1"}],"replies":[{"embeddable":true,"href":"https:\/\/petrusipavel.org\/index.php\/wp-json\/wp\/v2\/comments?post=106"}],"version-history":[{"count":1,"href":"https:\/\/petrusipavel.org\/index.php\/wp-json\/wp\/v2\/pages\/106\/revisions"}],"predecessor-version":[{"id":107,"href":"https:\/\/petrusipavel.org\/index.php\/wp-json\/wp\/v2\/pages\/106\/revisions\/107"}],"wp:attachment":[{"href":"https:\/\/petrusipavel.org\/index.php\/wp-json\/wp\/v2\/media?parent=106"}],"curies":[{"name":"wp","href":"https:\/\/api.w.org\/{rel}","templated":true}]}}