{"id":104,"date":"2024-12-14T19:43:50","date_gmt":"2024-12-15T00:43:50","guid":{"rendered":"https:\/\/petrusipavel.org\/?p=104"},"modified":"2026-02-28T18:17:58","modified_gmt":"2026-02-28T23:17:58","slug":"baptemes-mariages-funerailles","status":"publish","type":"page","link":"https:\/\/petrusipavel.org\/index.php\/fr\/baptemes-mariages-funerailles\/","title":{"rendered":"Bapt\u00eames, mariages, fun\u00e9railles"},"content":{"rendered":"\n<p class=\"has-small-font-size\">La paroise Saintes Ap\u00f4tres Pierre et Paul offre aux fid\u00e8les des services religieux tels que le bapt\u00eame, le mariage, les funerailles.<\/p>\n\n\n\n<p class=\"has-medium-font-size\"><strong>Tarifs:<\/strong><\/p>\n\n\n\n<ul class=\"wp-block-list\">\n<li class=\"has-small-font-size\">Bapt\u00eame: 200 $;<\/li>\n\n\n\n<li class=\"has-small-font-size\">Sanctification de la maison: 100 $<\/li>\n\n\n\n<li class=\"has-small-font-size\">Purification de la maison 60$<\/li>\n\n\n\n<li class=\"has-small-font-size\">Mariage: 300 $<\/li>\n\n\n\n<li class=\"has-small-font-size\">Exposition du defunct dans l&#8217;eglise: 125 $ par jour<\/li>\n\n\n\n<li class=\"has-small-font-size\">Fun\u00e9railles prix sugger\u00e9: 150$<\/li>\n<\/ul>\n\n\n\n<p class=\"has-small-font-size\">La purification et la sanctification de la maison sont \u00e0 la demande des fid\u00e8les. S&#8217;il vous pla\u00eet contacter&nbsp;le pr\u00eatre&nbsp;de la paroisse. Les frais de la comm\u00e9moration, de fun\u00e9railles et d&#8217;autres services religieux sont laiss\u00e9s \u00e0 la discr\u00e9tion de la famille.<\/p>\n\n\n\n<p class=\"has-medium-font-size\"><strong>Les commemorations et les veilles(requiems)<\/strong><\/p>\n\n\n\n<p class=\"has-small-font-size\">Avez-vous dans votre famille des personnes qui ne sont plus parmi nous? Les veilles (requiems) peut \u00eatre donn\u00e9 sur demande, \u00e0 la fin de chaque Sainte Liturgie, \u00e0 l&#8217;exception du dimanche de P\u00e2ques, de la Pentec\u00f4te, de No\u00ebl et de l&#8217;\u00c9piphanie.<\/p>\n\n\n\n<p class=\"has-medium-font-size\"><strong>Ces qui est n\u00e9ccesaire pour le bapt\u00eame<\/strong><\/p>\n\n\n\n<p class=\"has-small-font-size\">Ces informations vous aidera \u00e0 bien pr\u00e9parer, selon la tradition, ce grand et unique Sacrement.<\/p>\n\n\n\n<h3 class=\"wp-block-heading has-medium-font-size\">Les n\u00e9cessaires pour le bapt\u00eame:<\/h3>\n\n\n\n<ul class=\"wp-block-list\">\n<li class=\"has-small-font-size\">Certificate de naissance ou acte de naissance<\/li>\n\n\n\n<li class=\"has-small-font-size\">une serviette et un savon &#8211; seront donn\u00e9s au pr\u00eatre<\/li>\n\n\n\n<li class=\"has-small-font-size\">un drap blanc (genre diphthana \u00e0 partir duquel les couches \u00e9taient fabriqu\u00e9es ou sont fabriqu\u00e9es) aux dimensions suivantes: 1,5 m de long, 1 m de long (dimensions approximatives)<\/li>\n\n\n\n<li class=\"has-small-font-size\">un bouteille d&#8217;huile (de pr\u00e9f\u00e9rence d&#8217;olives)<\/li>\n\n\n\n<li class=\"has-small-font-size\">une autre grande serviette (qui se tiendra sur la table de bapt\u00eame) pour essuier l&#8217;enfant<\/li>\n\n\n\n<li class=\"has-small-font-size\">une petite couverture, aussi pour le b\u00e9b\u00e9<\/li>\n<\/ul>\n\n\n\n<h3 class=\"wp-block-heading has-medium-font-size\">Ceux qui sont n\u00e9cessaires au bapt\u00eame et qui peuvent \u00eatre obtenus \u00e0 la Sainte \u00c9glise:<\/h3>\n\n\n\n<ul class=\"wp-block-list\">\n<li class=\"has-small-font-size\">une chandelle (\u00e0 d\u00e9corer &#8211; venez la prendre 2 semaines avant de la date du bapt\u00eame)<\/li>\n\n\n\n<li class=\"has-small-font-size\">t\u00e9moignages (elles sont des petites croix avec un noeud qui sont plac\u00e9es sur la potrine de participants lors de la c\u00e9r\u00e9monie du bapt\u00eame) &#8211; elles peuvent \u00eatre command\u00e9es 2 semaines avant la date du bapt\u00eame selon le nombre des participants (demandez au pr\u00eatre)<\/li>\n\n\n\n<li class=\"has-small-font-size\">ruban textile &#8211; longueur 1 &#8211; 1,5 m<\/li>\n\n\n\n<li class=\"has-small-font-size\">vin rouge pour la Sainte Communion (nous recommandons d&#8217;acheter du Manischewitz \u00e0 la SAQ &#8211; vin fabriqu\u00e9 uniquement \u00e0 partir des baies de raisin &#8211; que le pr\u00eatre utilise pour c\u00e9l\u00e9brer la Divine Liturgie et pour la Communion des enfants et des adults<\/li>\n\n\n\n<li class=\"has-small-font-size\">un paquet d&#8217;ancens, un sachet de charbon et sept grandes bougies &#8211; qui seront tous utilis\u00e9s pendant le service du bapt\u00eame &#8211; seront achet\u00e9s \u00e0 l&#8217;\u00e9glise juste avant le bapt\u00eame<\/li>\n\n\n\n<li class=\"has-small-font-size\">les parrains sont pri\u00e9s de donner une ic\u00f4ne au b\u00e9b\u00e9 (ils peuvent \u00e9crire quelques pens\u00e9es et leurs nom sur le dos d&#8217;ic\u00f4ne &#8211; nous savons d&#8217;exp\u00e9rience que l&#8217;enfant l&#8217;appr\u00e9ciera grandement cette ic\u00f4ne lorsqu&#8217;il grandira)<\/li>\n<\/ul>\n\n\n\n<p class=\"has-small-font-size\">Pour d&#8217;autres reigneseingnements vous pouvez contacter le pr\u00eatre au tel: 418-575-9611<\/p>\n\n\n\n<h3 class=\"wp-block-heading has-medium-font-size\">Tr\u00e8s important \u00e0 savoir:<\/h3>\n\n\n\n<p class=\"has-small-font-size\">L&#8217;enfant est amen\u00e9 \u00e0 l&#8217;\u00e9glise avec des v\u00eatements qui ont \u00e9t\u00e9 port\u00e9s &#8211; et apr\u00e8s le bapt\u00eame, il porte de nouveaux v\u00eatements achet\u00e9s pour cet \u00e9v\u00e9nement. Ce changement de v\u00eatements symbolise le fait que nous avons laiss\u00e9 tomber notre vieux v\u00eatement et que nous nous sommes v\u00eatus des Habits Neufs du Christ.<br>Imm\u00e9diatement apr\u00e8s le bapt\u00eame de l&#8217;enfant, la bougie de bapt\u00eame que le parrain la tient est allum\u00e9e. L&#8217;enfant est maintenant habille avec le drap blanc et couvert avec la petite couverture ou avec une serviette. Le prochain moment est l&#8217;onction avec le Saint et le Grand Mir, en lavant et en essuyant le visage dans les endroits o\u00f9 l&#8217;enfant a \u00e9t\u00e9 oint. Apr\u00e8s avoir \u00e9t\u00e9 essuy\u00e9, le b\u00e9b\u00e9 portera de nouveaux v\u00eatements sans avoir la t\u00eate couverte, car apr\u00e9s c&#8217;est la coup\u00e9 des cheveux \u00e0 l\u2019image de la Sainte-Croix. Apr\u00e8s cela, le pr\u00eatre presente l&#8217;enfant devant le Saint-Autel. Les parrains re\u00e7ois le b\u00eabe et le b\u00e9be re\u00e7oit la Sainte Communion avec le Corps Sacr\u00e9 et le Sang de notre Seigneur et Dieu J\u00e9sus-Christ.<\/p>\n\n\n\n<h3 class=\"wp-block-heading\">Important:<\/h3>\n\n\n\n<p class=\"has-small-font-size\">L&#8217;eau utilis\u00e9e lors du premier bain post-baptismal devrait \u00eatre jet\u00e9e \u00e0 la racine d&#8217;un arbre ou sur un terraine et non pas dans le canal, car cette eau lavera \u00e9galement une partie de l&#8217;eau b\u00e9nite et une partie du Saint et Grand Myr.<\/p>\n\n\n\n<h3 class=\"wp-block-heading\">Pour les parrains de l&#8217;enfant:<\/h3>\n\n\n\n<p class=\"has-small-font-size\">8 jours apr\u00e8s le bapt\u00eame, les parrains, ainsi que leurs parents et l&#8217;enfant, viendront \u00e0 la Sainte \u00c9glise pour lire les pri\u00e8res sp\u00e9ciales et apporter une partie de la chandelle du bapt\u00eame. L&#8217;autre partie sera conserv\u00e9e par les parents de l&#8217;enfant et s&#8217;illuminera quand l&#8217;enfant est malade ou il est en danger.<br>Les parrains doivent faire tr\u00e8s attention \u00e0 l&#8217;enfant. Il est important que l&#8217;enfant re\u00e7ois la Communion tous les mois ou au plus tard 40 jours apr\u00e8s le bapt\u00eame. Nous esp\u00e9rons que vous, comme parrains, vous vous assurerez de mener \u00e0 bien cette t\u00e2che et que vous collaborerez \u00e0 cet \u00e9gard avec les parents de l&#8217;enfant. Vous vous engagez dans ce travail lorsque vous souhaitez devenir des parrains. De nombreux dons viendront de Dieu en acceptant cette t\u00e2che et vous seront d&#8217;une grande aide dans cette vie et dans la vie la vie au-del\u00e0.<\/p>\n\n\n\n<p class=\"has-small-font-size\">Que Dieu vous b\u00e9nisse!<\/p>\n\n\n\n<h3 class=\"wp-block-heading\">Pour la m\u00e8re de l&#8217;enfant:<\/h3>\n\n\n\n<p class=\"has-small-font-size\">Avant que le service du bapt\u00eame ne commence, le pr\u00eatre lit une priere appel\u00e9e Pri\u00e8re de 40 jours \u00e0 la m\u00e8re de l&#8217;enfant (il est n\u00e9cessaire d&#8217;avoir unechandelle allum\u00e9e &#8211; vous la trouverez dans l&#8217;\u00e9glise). Cela donne \u00e0 la m\u00e8re l&#8217;occasion d&#8217;entrer dans la Sainte \u00c9glise avec la b\u00e9n\u00e9diction de Dieu. Bien s\u00fbr, cette pri\u00e8re peut \u00eatre lue m\u00eame plus t\u00f4t si, par exemple, le bapt\u00eame a lieu apr\u00e8s plus de 40 jours de la naissance de l&#8217;enfant, ou plus tard, mais il faut la lire. Nous vous rappelons que, selon notre religion orthodoxe, la m\u00e8res, le p\u00e8re (qui habituellement assistent \u00e0 la naissance au Canada), la famille, la sage-femme (si possible) doivent avoir leurs pri\u00e8res de d\u00e9nouement lues par le pr\u00eatre imm\u00e9diatement apr\u00e8s la naissance. La m\u00e8re doit utilis\u00e9 de l\u2019eau sanctifi\u00e9e purifi\u00e9e pendant 40 jours selon les conseils du pr\u00eatre.<\/p>\n\n\n\n<h3 class=\"wp-block-heading\">Important :<\/h3>\n\n\n\n<p class=\"has-small-font-size\">Si, pour diverses raisons, ces pri\u00e8res de d\u00e9nouement n&#8217;\u00e9taient pas faites au bon moment, il est tr\u00e8s important qu&#8217;elles les soient fait m\u00eame encore plus tard, montrant ainsi notre sollicitude et notre respect pour Dieu pour ceux qui sont nomm\u00e9s et utiles \u00e0 l&#8217;\u00e2me (m\u00eame si nous consid\u00e9rons que c&#8217;est peut-\u00eatre trop tard).<\/p>\n","protected":false},"excerpt":{"rendered":"<p>La paroise Saintes Ap\u00f4tres Pierre et Paul offre aux fid\u00e8les des services religieux tels que le bapt\u00eame, le mariage, les funerailles. Tarifs: La purification et la sanctification de la maison sont \u00e0 la demande des fid\u00e8les. S&#8217;il vous pla\u00eet contacter&nbsp;le&#8230; <a href=\"https:\/\/petrusipavel.org\/index.php\/fr\/baptemes-mariages-funerailles\/\" class=\"readmore\">Read more<span class=\"screen-reader-text\">Bapt\u00eames, mariages, fun\u00e9railles<\/span><span class=\"fa fa-angle-double-right\" aria-hidden=\"true\"><\/span><\/a><\/p>\n","protected":false},"author":1,"featured_media":0,"parent":0,"menu_order":0,"comment_status":"closed","ping_status":"open","template":"","meta":{"footnotes":""},"class_list":["post-104","page","type-page","status-publish","hentry"],"_links":{"self":[{"href":"https:\/\/petrusipavel.org\/index.php\/wp-json\/wp\/v2\/pages\/104","targetHints":{"allow":["GET"]}}],"collection":[{"href":"https:\/\/petrusipavel.org\/index.php\/wp-json\/wp\/v2\/pages"}],"about":[{"href":"https:\/\/petrusipavel.org\/index.php\/wp-json\/wp\/v2\/types\/page"}],"author":[{"embeddable":true,"href":"https:\/\/petrusipavel.org\/index.php\/wp-json\/wp\/v2\/users\/1"}],"replies":[{"embeddable":true,"href":"https:\/\/petrusipavel.org\/index.php\/wp-json\/wp\/v2\/comments?post=104"}],"version-history":[{"count":7,"href":"https:\/\/petrusipavel.org\/index.php\/wp-json\/wp\/v2\/pages\/104\/revisions"}],"predecessor-version":[{"id":475,"href":"https:\/\/petrusipavel.org\/index.php\/wp-json\/wp\/v2\/pages\/104\/revisions\/475"}],"wp:attachment":[{"href":"https:\/\/petrusipavel.org\/index.php\/wp-json\/wp\/v2\/media?parent=104"}],"curies":[{"name":"wp","href":"https:\/\/api.w.org\/{rel}","templated":true}]}}